{"id":344,"date":"2021-03-07T21:13:34","date_gmt":"2021-03-07T20:13:34","guid":{"rendered":"https:\/\/www.festivalfivs.com\/?page_id=344"},"modified":"2023-01-16T18:48:12","modified_gmt":"2023-01-16T17:48:12","slug":"%d8%b9%d9%86-%d8%a7%d9%84%d9%85%d9%87%d8%b1%d8%ac%d8%a7%d9%86","status":"publish","type":"page","link":"https:\/\/carnavalaoussou.com\/fr\/%d8%b9%d9%86-%d8%a7%d9%84%d9%85%d9%87%d8%b1%d8%ac%d8%a7%d9%86\/","title":{"rendered":"\u00c0 propos du carnaval"},"content":{"rendered":"<div data-elementor-type=\"wp-page\" data-elementor-id=\"344\" class=\"elementor elementor-344\" data-elementor-post-type=\"page\">\n\t\t\t\t\t\t<section class=\"elementor-section elementor-top-section elementor-element elementor-element-a9ba053 elementor-section-boxed elementor-section-height-default elementor-section-height-default\" data-id=\"a9ba053\" data-element_type=\"section\" data-e-type=\"section\">\n\t\t\t\t\t\t<div class=\"elementor-container elementor-column-gap-default\">\n\t\t\t\t\t<div class=\"elementor-column elementor-col-33 elementor-top-column elementor-element elementor-element-f461ccd elementor-hidden-tablet elementor-hidden-mobile\" data-id=\"f461ccd\" data-element_type=\"column\" data-e-type=\"column\">\n\t\t\t<div class=\"elementor-widget-wrap\">\n\t\t\t\t\t\t\t<\/div>\n\t\t<\/div>\n\t\t\t\t<div class=\"elementor-column elementor-col-33 elementor-top-column elementor-element elementor-element-bdce2e6\" data-id=\"bdce2e6\" data-element_type=\"column\" data-e-type=\"column\">\n\t\t\t<div class=\"elementor-widget-wrap elementor-element-populated\">\n\t\t\t\t\t\t<div class=\"elementor-element elementor-element-ff7f08f elementor-widget elementor-widget-heading\" data-id=\"ff7f08f\" data-element_type=\"widget\" data-e-type=\"widget\" data-widget_type=\"heading.default\">\n\t\t\t\t<div class=\"elementor-widget-container\">\n\t\t\t\t\t<h3 class=\"elementor-heading-title elementor-size-default\">A propos du carnaval d'Aouessou<\/h3>\t\t\t\t<\/div>\n\t\t\t\t<\/div>\n\t\t\t\t<div class=\"elementor-element elementor-element-09db7f4 elementor-widget elementor-widget-image\" data-id=\"09db7f4\" data-element_type=\"widget\" data-e-type=\"widget\" data-widget_type=\"image.default\">\n\t\t\t\t<div class=\"elementor-widget-container\">\n\t\t\t\t\t\t\t\t\t\t\t\t\t\t\t<img fetchpriority=\"high\" decoding=\"async\" width=\"1024\" height=\"643\" src=\"https:\/\/carnavalaoussou.com\/wp-content\/uploads\/2023\/01\/3-1024x665-1.jpg\" class=\"attachment-large size-large wp-image-3984\" alt=\"\" srcset=\"https:\/\/carnavalaoussou.com\/wp-content\/uploads\/2023\/01\/3-1024x665-1.jpg 1024w, https:\/\/carnavalaoussou.com\/wp-content\/uploads\/2023\/01\/3-1024x665-1-300x188.jpg 300w, https:\/\/carnavalaoussou.com\/wp-content\/uploads\/2023\/01\/3-1024x665-1-768x482.jpg 768w, https:\/\/carnavalaoussou.com\/wp-content\/uploads\/2023\/01\/3-1024x665-1-18x12.jpg 18w\" sizes=\"(max-width: 1024px) 100vw, 1024px\" \/>\t\t\t\t\t\t\t\t\t\t\t\t\t\t\t<\/div>\n\t\t\t\t<\/div>\n\t\t\t\t<div class=\"elementor-element elementor-element-53a1d80 elementor-widget elementor-widget-text-editor\" data-id=\"53a1d80\" data-element_type=\"widget\" data-e-type=\"widget\" data-widget_type=\"text-editor.default\">\n\t\t\t\t<div class=\"elementor-widget-container\">\n\t\t\t\t\t\t\t\t\t<p>Un rendez-vous annuel festif et culturel&nbsp;<span style=\"background-color: var(--nv-site-bg); color: var(--nv-text-color); letter-spacing: 0px;\">organis\u00e9e durant l'\u00e9t\u00e9 le 24 juillet \u00e0 Sousse, Tunisie.<\/span><\/p>\n<p>D\u00e9filer des wagons de carnaval pour attirer l'attention du public pour continuer \u00e0 regarder le carnaval, comme, le wagon d'Aouessou qui porte le \"Dieu de la mer\" dans une simulation d'un mythe historique, et une fanfare, un danseur, des groupes folkloriques&nbsp;<span style=\"background-color: var(--nv-site-bg); color: var(--nv-text-color); letter-spacing: 0px;\">et des poup\u00e9es gigantesques de Tunisie et d'autres pays.&nbsp;<\/span><span style=\"background-color: var(--nv-site-bg); color: var(--nv-text-color); letter-spacing: 0px;\">Pr\u00e8s de la plage, principalement dans la rue Habib Bourguiba et la corniche Abu&nbsp;<\/span><span style=\"background-color: var(--nv-site-bg); color: var(--nv-text-color); letter-spacing: 0px;\">Jaafar corniche.<\/span><\/p>\n<p><span style=\"background-color: var(--nv-site-bg); color: var(--nv-text-color); letter-spacing: 0px;\">Aoussou&nbsp;<\/span><span style=\"background-color: var(--nv-site-bg); color: var(--nv-text-color); letter-spacing: 0px;\">est un terme qui d\u00e9finit la canicule du mois d'ao\u00fbt selon la&nbsp;<\/span><span style=\"background-color: var(--nv-site-bg); color: var(--nv-text-color); letter-spacing: 0px;\">calendrier barbare.<\/span><\/p>\n<p>A l'origine, c'est un ancien carnaval c\u00e9l\u00e9brant le dieu de la mer,<span style=\"background-color: var(--nv-site-bg); color: var(--nv-text-color); letter-spacing: 0px;\">, Neptune \u00e0 l'\u00e9poque romaine, qui remonte au&nbsp;<\/span><span style=\"background-color: var(--nv-site-bg); color: var(--nv-text-color); letter-spacing: 0px;\">Ph\u00e9niciens.&nbsp;<\/span><span style=\"background-color: var(--nv-site-bg); color: var(--nv-text-color); letter-spacing: 0px;\">Cette coutume a \u00e9volu\u00e9 avec le temps <\/span><span style=\"background-color: var(--nv-site-bg); color: var(--nv-text-color); letter-spacing: 0px;\">et<\/span><span style=\"background-color: var(--nv-site-bg);\">devenu, de nos jours, li\u00e9 \u00e0 une m\u00e9moire nationale qui est la proclamation de la R\u00e9publique tunisienne le 25 juillet 1957.<\/span><\/p>\n<p>Le carnaval est organis\u00e9 par l'Association Carnaval d'Aouessou&nbsp;<span style=\"background-color: var(--nv-site-bg); color: var(--nv-text-color); letter-spacing: 0px;\">et il a \u00e9t\u00e9 lanc\u00e9 en 1958.<\/span><\/p>\n<p>Il est g\u00e9n\u00e9ralement accompagn\u00e9 d'un spectacle de feux d'artifice<span style=\"background-color: var(--nv-site-bg); color: var(--nv-text-color); letter-spacing: 0px;\">dans la nuit du 25 juillet, jour de la R\u00e9publique. Gr\u00e2ce \u00e0 la diversit\u00e9 des spectacles et des c\u00e9l\u00e9brations cette p\u00e9riode&nbsp;<\/span><span style=\"background-color: var(--nv-site-bg); color: var(--nv-text-color); letter-spacing: 0px;\">se caract\u00e9rise par beaucoup de mouvement.<\/span><\/p>\n<p><span style=\"background-color: var(--nv-site-bg); color: var(--nv-text-color); letter-spacing: 0px;\">Des milliers de touristes<\/span><span style=\"background-color: var(--nv-site-bg); color: var(--nv-text-color); letter-spacing: 0px;\">venir \u00e0 Sousse de&nbsp;<\/span><span style=\"background-color: var(--nv-site-bg); color: var(--nv-text-color); letter-spacing: 0px;\">partout dans le monde pour passer leurs vacances et profiter du beau temps et&nbsp;<\/span><span style=\"background-color: var(--nv-site-bg); color: var(--nv-text-color); letter-spacing: 0px;\">la plage<\/span><\/p>\n<p><span style=\"background-color: var(--nv-site-bg);\">Le carnaval d'Aouessou est consid\u00e9r\u00e9 comme le premier carnaval d'Afrique et du monde arabe et il comprend la participation de plusieurs pays arabes et europ\u00e9ens que ce soit \u00e0 travers leurs orchestres, peintures ou touristes.<\/span><\/p>\t\t\t\t\t\t\t\t<\/div>\n\t\t\t\t<\/div>\n\t\t\t\t\t<\/div>\n\t\t<\/div>\n\t\t\t\t<div class=\"elementor-column elementor-col-33 elementor-top-column elementor-element elementor-element-256e0c0 elementor-hidden-tablet elementor-hidden-mobile\" data-id=\"256e0c0\" data-element_type=\"column\" data-e-type=\"column\">\n\t\t\t<div class=\"elementor-widget-wrap elementor-element-populated\">\n\t\t\t\t\t\t<div class=\"elementor-element elementor-element-7255271 elementor-widget elementor-widget-spacer\" data-id=\"7255271\" data-element_type=\"widget\" data-e-type=\"widget\" data-widget_type=\"spacer.default\">\n\t\t\t\t<div class=\"elementor-widget-container\">\n\t\t\t\t\t\t\t<div class=\"elementor-spacer\">\n\t\t\t<div class=\"elementor-spacer-inner\"><\/div>\n\t\t<\/div>\n\t\t\t\t\t\t<\/div>\n\t\t\t\t<\/div>\n\t\t\t\t\t<\/div>\n\t\t<\/div>\n\t\t\t\t\t<\/div>\n\t\t<\/section>\n\t\t\t\t<section class=\"elementor-section elementor-top-section elementor-element elementor-element-6e99d67 elementor-section-boxed elementor-section-height-default elementor-section-height-default\" data-id=\"6e99d67\" data-element_type=\"section\" data-e-type=\"section\" data-settings=\"{&quot;background_background&quot;:&quot;classic&quot;}\">\n\t\t\t\t\t\t<div class=\"elementor-container elementor-column-gap-default\">\n\t\t\t\t\t<div class=\"elementor-column elementor-col-33 elementor-top-column elementor-element elementor-element-8c57a7c elementor-hidden-tablet elementor-hidden-mobile\" data-id=\"8c57a7c\" data-element_type=\"column\" data-e-type=\"column\">\n\t\t\t<div class=\"elementor-widget-wrap\">\n\t\t\t\t\t\t\t<\/div>\n\t\t<\/div>\n\t\t\t\t<div class=\"elementor-column elementor-col-33 elementor-top-column elementor-element elementor-element-ead33cb\" data-id=\"ead33cb\" data-element_type=\"column\" data-e-type=\"column\">\n\t\t\t<div class=\"elementor-widget-wrap elementor-element-populated\">\n\t\t\t\t\t\t<div class=\"elementor-element elementor-element-ad4b238 elementor-widget elementor-widget-heading\" data-id=\"ad4b238\" data-element_type=\"widget\" data-e-type=\"widget\" data-widget_type=\"heading.default\">\n\t\t\t\t<div class=\"elementor-widget-container\">\n\t\t\t\t\t<h2 class=\"elementor-heading-title elementor-size-default\">Objectifs du carnaval<\/h2>\t\t\t\t<\/div>\n\t\t\t\t<\/div>\n\t\t\t\t<div class=\"elementor-element elementor-element-77f69e6 elementor-widget elementor-widget-text-editor\" data-id=\"77f69e6\" data-element_type=\"widget\" data-e-type=\"widget\" data-widget_type=\"text-editor.default\">\n\t\t\t\t<div class=\"elementor-widget-container\">\n\t\t\t\t\t\t\t\t\t<ol><li>\u00a0\u2022 Contribution au soutien et au d\u00e9veloppement du tourisme culturel et des jeunes.<\/li><li>\u00a0\u2022 Contribution \u00e0 la revitalisation de la vie culturelle dans la ville, \u00e0 la pr\u00e9servation du patrimoine culturel populaire et \u00e0 la revitalisation des us et coutumes issus de ce patrimoine.<\/li><li>\u2022 Mettre en valeur les acquis r\u00e9gionaux et nationaux dans les domaines de la jeunesse, de la culture et du tourisme.<\/li><li>\u2022 Travailler \u00e0 faire conna\u00eetre le carnaval d'Aouessou \u00e0 l'int\u00e9rieur du pays et \u00e0 l'\u00e9tranger.<\/li><\/ol><div>\u00a0<\/div>\t\t\t\t\t\t\t\t<\/div>\n\t\t\t\t<\/div>\n\t\t\t\t\t<\/div>\n\t\t<\/div>\n\t\t\t\t<div class=\"elementor-column elementor-col-33 elementor-top-column elementor-element elementor-element-e88a9a5 elementor-hidden-tablet elementor-hidden-mobile\" data-id=\"e88a9a5\" data-element_type=\"column\" data-e-type=\"column\">\n\t\t\t<div class=\"elementor-widget-wrap\">\n\t\t\t\t\t\t\t<\/div>\n\t\t<\/div>\n\t\t\t\t\t<\/div>\n\t\t<\/section>\n\t\t\t\t<\/div>","protected":false},"excerpt":{"rendered":"<p>\u0639\u0640\u0640\u0640\u0646 \u0645\u0647\u0631\u062c\u0640\u0640\u0640\u0640\u0627\u0646 \u0627\u0633\u062a\u0639\u0640\u0640\u0640\u0640\u0640\u0631\u0627\u0636 \u0623\u0648\u0633\u0640\u0640\u0640\u0640\u0640\u0640\u0640\u0640\u0648 &#8211; \u0647\u0648 \u062d\u062f\u062b \u0627\u062d\u062a\u0641\u0627\u0644\u064a \u0648\u062b\u0642\u0627\u0641\u064a \u0633\u0646\u0648\u064a&nbsp;\u062e\u0644\u0627\u0644 \u0641\u062a\u0631\u0629 \u0627\u0644\u0635\u064a\u0641 \u0628\u062a\u0627\u0631\u064a\u062e 24 \u062c\u0648\u064a\u0644\u064a\u0629 \u0628\u0645\u062f\u064a\u0646\u0629 \u0633\u0648\u0633\u0629 \u0645\u0646 \u0627\u0644\u0628\u0644\u0627\u062f \u0627\u0644\u062a\u0648\u0646\u0633\u064a\u0629 \u0627\u0644\u062a\u0648\u0646\u0633\u064a\u0629. &#8211; \u0627\u0633\u062a\u0639\u0631\u0627\u0636 \u0644\u0639\u0631\u0628\u0627\u062a \u0643\u0631\u0646\u0641\u0627\u0644\u064a\u0629 \u062a\u062c\u0630\u0628 \u0627\u0646\u062a\u0628\u0627\u0647 \u0627\u0644\u062c\u0645\u0627\u0647\u064a\u0631 \u0644\u0644\u0645\u062a\u0627\u0628\u0639\u0629\u060c \u0639\u0631\u0628\u0629 &#8220;\u0623\u0648\u0633\u0648&#8221; \u0627\u0644\u062a\u064a \u062a\u062d\u0645\u0644 &#8220;\u0625\u0644\u0647 \u0627\u0644\u0628\u062d\u0631&#8221;\u060c \u0641\u064a \u0645\u062d\u0627\u0643\u0627\u0629 \u0644\u0623\u0633\u0637\u0648\u0631\u0629 \u062a\u0627\u0631\u064a\u062e\u064a\u0629\u0648\u0641\u0631\u0642 \u0646\u062d\u0627\u0633\u064a\u0629 \u0648\u0631\u0627\u0642\u0635\u0629\u060c \u0627\u0636\u0627\u0641\u0629 \u0627\u0644\u0649&nbsp;\u0627\u0644\u0641\u0631\u0642 \u0627\u0644\u0634\u0639\u0628\u064a\u0629\u060c \u0648\u0627\u0644\u062f\u0645\u0649 \u0627\u0644\u0639\u0645\u0644\u0627\u0642\u0629\u060c\u0645\u0646 \u062a\u0648\u0646\u0633 \u0648\u062e\u0627\u0631\u062c\u0647\u0627&nbsp;\u0628\u0627\u0644\u0642\u0631\u0628 \u0645\u0646 \u0627\u0644\u0634\u0627\u0637\u0626 \u0628\u0634\u0643\u0644 \u0631\u0626\u064a\u0633\u064a \u0641\u064a \u0634\u0627\u0631\u0639 \u0627\u0644\u062d\u0628\u064a\u0628&hellip;&nbsp;<a href=\"https:\/\/carnavalaoussou.com\/fr\/%d8%b9%d9%86-%d8%a7%d9%84%d9%85%d9%87%d8%b1%d8%ac%d8%a7%d9%86\/\" rel=\"bookmark\">Read More &raquo;<span class=\"screen-reader-text\">\u00c0 propos du carnaval<\/span><\/a><\/p>","protected":false},"author":1,"featured_media":0,"parent":0,"menu_order":0,"comment_status":"closed","ping_status":"closed","template":"page-templates\/template-pagebuilder-full-width.php","meta":{"_oct_exclude_from_cache":false,"neve_meta_sidebar":"full-width","neve_meta_container":"","neve_meta_enable_content_width":"on","neve_meta_content_width":100,"neve_meta_title_alignment":"","neve_meta_author_avatar":"","neve_post_elements_order":"","neve_meta_disable_header":"","neve_meta_disable_footer":"","neve_meta_disable_title":"","neve_meta_reading_time":"","footnotes":""},"class_list":["post-344","page","type-page","status-publish","hentry"],"yoast_head":"<!-- This site is optimized with the Yoast SEO Premium plugin v20.5 (Yoast SEO v27.5) - https:\/\/yoast.com\/product\/yoast-seo-premium-wordpress\/ -->\n<title>\u0639\u0646 \u0627\u0644\u0643\u0631\u0646\u0641\u0627\u0644 - Carnaval Aoussou<\/title>\n<meta name=\"robots\" content=\"index, follow, max-snippet:-1, max-image-preview:large, max-video-preview:-1\" \/>\n<link rel=\"canonical\" href=\"https:\/\/carnavalaoussou.com\/fr\/\u0639\u0646-\u0627\u0644\u0645\u0647\u0631\u062c\u0627\u0646\/\" \/>\n<meta property=\"og:locale\" content=\"fr_FR\" \/>\n<meta property=\"og:type\" content=\"article\" \/>\n<meta property=\"og:title\" content=\"\u0639\u0646 \u0627\u0644\u0643\u0631\u0646\u0641\u0627\u0644\" \/>\n<meta property=\"og:description\" content=\"\u0639\u0640\u0640\u0640\u0646 \u0645\u0647\u0631\u062c\u0640\u0640\u0640\u0640\u0627\u0646 \u0627\u0633\u062a\u0639\u0640\u0640\u0640\u0640\u0640\u0631\u0627\u0636 \u0623\u0648\u0633\u0640\u0640\u0640\u0640\u0640\u0640\u0640\u0640\u0648 &#8211; \u0647\u0648 \u062d\u062f\u062b \u0627\u062d\u062a\u0641\u0627\u0644\u064a \u0648\u062b\u0642\u0627\u0641\u064a \u0633\u0646\u0648\u064a&nbsp;\u062e\u0644\u0627\u0644 \u0641\u062a\u0631\u0629 \u0627\u0644\u0635\u064a\u0641 \u0628\u062a\u0627\u0631\u064a\u062e 24 \u062c\u0648\u064a\u0644\u064a\u0629 \u0628\u0645\u062f\u064a\u0646\u0629 \u0633\u0648\u0633\u0629 \u0645\u0646 \u0627\u0644\u0628\u0644\u0627\u062f \u0627\u0644\u062a\u0648\u0646\u0633\u064a\u0629 \u0627\u0644\u062a\u0648\u0646\u0633\u064a\u0629. &#8211; \u0627\u0633\u062a\u0639\u0631\u0627\u0636 \u0644\u0639\u0631\u0628\u0627\u062a \u0643\u0631\u0646\u0641\u0627\u0644\u064a\u0629 \u062a\u062c\u0630\u0628 \u0627\u0646\u062a\u0628\u0627\u0647 \u0627\u0644\u062c\u0645\u0627\u0647\u064a\u0631 \u0644\u0644\u0645\u062a\u0627\u0628\u0639\u0629\u060c \u0639\u0631\u0628\u0629 &#8220;\u0623\u0648\u0633\u0648&#8221; \u0627\u0644\u062a\u064a \u062a\u062d\u0645\u0644 &#8220;\u0625\u0644\u0647 \u0627\u0644\u0628\u062d\u0631&#8221;\u060c \u0641\u064a \u0645\u062d\u0627\u0643\u0627\u0629 \u0644\u0623\u0633\u0637\u0648\u0631\u0629 \u062a\u0627\u0631\u064a\u062e\u064a\u0629\u0648\u0641\u0631\u0642 \u0646\u062d\u0627\u0633\u064a\u0629 \u0648\u0631\u0627\u0642\u0635\u0629\u060c \u0627\u0636\u0627\u0641\u0629 \u0627\u0644\u0649&nbsp;\u0627\u0644\u0641\u0631\u0642 \u0627\u0644\u0634\u0639\u0628\u064a\u0629\u060c \u0648\u0627\u0644\u062f\u0645\u0649 \u0627\u0644\u0639\u0645\u0644\u0627\u0642\u0629\u060c\u0645\u0646 \u062a\u0648\u0646\u0633 \u0648\u062e\u0627\u0631\u062c\u0647\u0627&nbsp;\u0628\u0627\u0644\u0642\u0631\u0628 \u0645\u0646 \u0627\u0644\u0634\u0627\u0637\u0626 \u0628\u0634\u0643\u0644 \u0631\u0626\u064a\u0633\u064a \u0641\u064a \u0634\u0627\u0631\u0639 \u0627\u0644\u062d\u0628\u064a\u0628&hellip;&nbsp;Read More &raquo;\u0639\u0646 \u0627\u0644\u0643\u0631\u0646\u0641\u0627\u0644\" \/>\n<meta property=\"og:url\" content=\"https:\/\/carnavalaoussou.com\/fr\/\u0639\u0646-\u0627\u0644\u0645\u0647\u0631\u062c\u0627\u0646\/\" \/>\n<meta property=\"og:site_name\" content=\"Carnaval Aoussou\" \/>\n<meta property=\"article:modified_time\" content=\"2023-01-16T17:48:12+00:00\" \/>\n<meta property=\"og:image\" content=\"https:\/\/carnavalaoussou.com\/wp-content\/uploads\/2023\/01\/3-1024x665-1.jpg\" \/>\n<meta name=\"twitter:card\" content=\"summary_large_image\" \/>\n<meta name=\"twitter:label1\" content=\"Dur\u00e9e de lecture estim\u00e9e\" \/>\n\t<meta name=\"twitter:data1\" content=\"2 minutes\" \/>\n<script type=\"application\/ld+json\" class=\"yoast-schema-graph\">{\"@context\":\"https:\\\/\\\/schema.org\",\"@graph\":[{\"@type\":\"WebPage\",\"@id\":\"https:\\\/\\\/carnavalaoussou.com\\\/%d8%b9%d9%86-%d8%a7%d9%84%d9%85%d9%87%d8%b1%d8%ac%d8%a7%d9%86\\\/\",\"url\":\"https:\\\/\\\/carnavalaoussou.com\\\/%d8%b9%d9%86-%d8%a7%d9%84%d9%85%d9%87%d8%b1%d8%ac%d8%a7%d9%86\\\/\",\"name\":\"\u0639\u0646 \u0627\u0644\u0643\u0631\u0646\u0641\u0627\u0644 - Carnaval Aoussou\",\"isPartOf\":{\"@id\":\"https:\\\/\\\/carnavalaoussou.com\\\/#website\"},\"primaryImageOfPage\":{\"@id\":\"https:\\\/\\\/carnavalaoussou.com\\\/%d8%b9%d9%86-%d8%a7%d9%84%d9%85%d9%87%d8%b1%d8%ac%d8%a7%d9%86\\\/#primaryimage\"},\"image\":{\"@id\":\"https:\\\/\\\/carnavalaoussou.com\\\/%d8%b9%d9%86-%d8%a7%d9%84%d9%85%d9%87%d8%b1%d8%ac%d8%a7%d9%86\\\/#primaryimage\"},\"thumbnailUrl\":\"https:\\\/\\\/carnavalaoussou.com\\\/wp-content\\\/uploads\\\/2023\\\/01\\\/3-1024x665-1.jpg\",\"datePublished\":\"2021-03-07T20:13:34+00:00\",\"dateModified\":\"2023-01-16T17:48:12+00:00\",\"breadcrumb\":{\"@id\":\"https:\\\/\\\/carnavalaoussou.com\\\/%d8%b9%d9%86-%d8%a7%d9%84%d9%85%d9%87%d8%b1%d8%ac%d8%a7%d9%86\\\/#breadcrumb\"},\"inLanguage\":\"fr-FR\",\"potentialAction\":[{\"@type\":\"ReadAction\",\"target\":[\"https:\\\/\\\/carnavalaoussou.com\\\/%d8%b9%d9%86-%d8%a7%d9%84%d9%85%d9%87%d8%b1%d8%ac%d8%a7%d9%86\\\/\"]}]},{\"@type\":\"ImageObject\",\"inLanguage\":\"fr-FR\",\"@id\":\"https:\\\/\\\/carnavalaoussou.com\\\/%d8%b9%d9%86-%d8%a7%d9%84%d9%85%d9%87%d8%b1%d8%ac%d8%a7%d9%86\\\/#primaryimage\",\"url\":\"https:\\\/\\\/carnavalaoussou.com\\\/wp-content\\\/uploads\\\/2023\\\/01\\\/3-1024x665-1.jpg\",\"contentUrl\":\"https:\\\/\\\/carnavalaoussou.com\\\/wp-content\\\/uploads\\\/2023\\\/01\\\/3-1024x665-1.jpg\"},{\"@type\":\"BreadcrumbList\",\"@id\":\"https:\\\/\\\/carnavalaoussou.com\\\/%d8%b9%d9%86-%d8%a7%d9%84%d9%85%d9%87%d8%b1%d8%ac%d8%a7%d9%86\\\/#breadcrumb\",\"itemListElement\":[{\"@type\":\"ListItem\",\"position\":1,\"name\":\"Home\",\"item\":\"https:\\\/\\\/carnavalaoussou.com\\\/\"},{\"@type\":\"ListItem\",\"position\":2,\"name\":\"\u0639\u0646 \u0627\u0644\u0643\u0631\u0646\u0641\u0627\u0644\"}]},{\"@type\":\"WebSite\",\"@id\":\"https:\\\/\\\/carnavalaoussou.com\\\/#website\",\"url\":\"https:\\\/\\\/carnavalaoussou.com\\\/\",\"name\":\"Carnaval Aoussou\",\"description\":\"\",\"publisher\":{\"@id\":\"https:\\\/\\\/carnavalaoussou.com\\\/#organization\"},\"potentialAction\":[{\"@type\":\"SearchAction\",\"target\":{\"@type\":\"EntryPoint\",\"urlTemplate\":\"https:\\\/\\\/carnavalaoussou.com\\\/?s={search_term_string}\"},\"query-input\":{\"@type\":\"PropertyValueSpecification\",\"valueRequired\":true,\"valueName\":\"search_term_string\"}}],\"inLanguage\":\"fr-FR\"},{\"@type\":\"Organization\",\"@id\":\"https:\\\/\\\/carnavalaoussou.com\\\/#organization\",\"name\":\"Carnaval Aoussou\",\"url\":\"https:\\\/\\\/carnavalaoussou.com\\\/\",\"logo\":{\"@type\":\"ImageObject\",\"inLanguage\":\"fr-FR\",\"@id\":\"https:\\\/\\\/carnavalaoussou.com\\\/#\\\/schema\\\/logo\\\/image\\\/\",\"url\":\"https:\\\/\\\/carnavalaoussou.com\\\/wp-content\\\/uploads\\\/2021\\\/04\\\/cropped-LOGO_ROUGE.png\",\"contentUrl\":\"https:\\\/\\\/carnavalaoussou.com\\\/wp-content\\\/uploads\\\/2021\\\/04\\\/cropped-LOGO_ROUGE.png\",\"width\":1251,\"height\":567,\"caption\":\"Carnaval Aoussou\"},\"image\":{\"@id\":\"https:\\\/\\\/carnavalaoussou.com\\\/#\\\/schema\\\/logo\\\/image\\\/\"}}]}<\/script>\n<!-- \/ Yoast SEO Premium plugin. -->","yoast_head_json":{"title":"\u0639\u0646 \u0627\u0644\u0643\u0631\u0646\u0641\u0627\u0644 - Carnaval Aoussou","robots":{"index":"index","follow":"follow","max-snippet":"max-snippet:-1","max-image-preview":"max-image-preview:large","max-video-preview":"max-video-preview:-1"},"canonical":"https:\/\/carnavalaoussou.com\/fr\/\u0639\u0646-\u0627\u0644\u0645\u0647\u0631\u062c\u0627\u0646\/","og_locale":"fr_FR","og_type":"article","og_title":"\u0639\u0646 \u0627\u0644\u0643\u0631\u0646\u0641\u0627\u0644","og_description":"\u0639\u0640\u0640\u0640\u0646 \u0645\u0647\u0631\u062c\u0640\u0640\u0640\u0640\u0627\u0646 \u0627\u0633\u062a\u0639\u0640\u0640\u0640\u0640\u0640\u0631\u0627\u0636 \u0623\u0648\u0633\u0640\u0640\u0640\u0640\u0640\u0640\u0640\u0640\u0648 &#8211; \u0647\u0648 \u062d\u062f\u062b \u0627\u062d\u062a\u0641\u0627\u0644\u064a \u0648\u062b\u0642\u0627\u0641\u064a \u0633\u0646\u0648\u064a&nbsp;\u062e\u0644\u0627\u0644 \u0641\u062a\u0631\u0629 \u0627\u0644\u0635\u064a\u0641 \u0628\u062a\u0627\u0631\u064a\u062e 24 \u062c\u0648\u064a\u0644\u064a\u0629 \u0628\u0645\u062f\u064a\u0646\u0629 \u0633\u0648\u0633\u0629 \u0645\u0646 \u0627\u0644\u0628\u0644\u0627\u062f \u0627\u0644\u062a\u0648\u0646\u0633\u064a\u0629 \u0627\u0644\u062a\u0648\u0646\u0633\u064a\u0629. &#8211; \u0627\u0633\u062a\u0639\u0631\u0627\u0636 \u0644\u0639\u0631\u0628\u0627\u062a \u0643\u0631\u0646\u0641\u0627\u0644\u064a\u0629 \u062a\u062c\u0630\u0628 \u0627\u0646\u062a\u0628\u0627\u0647 \u0627\u0644\u062c\u0645\u0627\u0647\u064a\u0631 \u0644\u0644\u0645\u062a\u0627\u0628\u0639\u0629\u060c \u0639\u0631\u0628\u0629 &#8220;\u0623\u0648\u0633\u0648&#8221; \u0627\u0644\u062a\u064a \u062a\u062d\u0645\u0644 &#8220;\u0625\u0644\u0647 \u0627\u0644\u0628\u062d\u0631&#8221;\u060c \u0641\u064a \u0645\u062d\u0627\u0643\u0627\u0629 \u0644\u0623\u0633\u0637\u0648\u0631\u0629 \u062a\u0627\u0631\u064a\u062e\u064a\u0629\u0648\u0641\u0631\u0642 \u0646\u062d\u0627\u0633\u064a\u0629 \u0648\u0631\u0627\u0642\u0635\u0629\u060c \u0627\u0636\u0627\u0641\u0629 \u0627\u0644\u0649&nbsp;\u0627\u0644\u0641\u0631\u0642 \u0627\u0644\u0634\u0639\u0628\u064a\u0629\u060c \u0648\u0627\u0644\u062f\u0645\u0649 \u0627\u0644\u0639\u0645\u0644\u0627\u0642\u0629\u060c\u0645\u0646 \u062a\u0648\u0646\u0633 \u0648\u062e\u0627\u0631\u062c\u0647\u0627&nbsp;\u0628\u0627\u0644\u0642\u0631\u0628 \u0645\u0646 \u0627\u0644\u0634\u0627\u0637\u0626 \u0628\u0634\u0643\u0644 \u0631\u0626\u064a\u0633\u064a \u0641\u064a \u0634\u0627\u0631\u0639 \u0627\u0644\u062d\u0628\u064a\u0628&hellip;&nbsp;Read More &raquo;\u0639\u0646 \u0627\u0644\u0643\u0631\u0646\u0641\u0627\u0644","og_url":"https:\/\/carnavalaoussou.com\/fr\/\u0639\u0646-\u0627\u0644\u0645\u0647\u0631\u062c\u0627\u0646\/","og_site_name":"Carnaval Aoussou","article_modified_time":"2023-01-16T17:48:12+00:00","og_image":[{"url":"https:\/\/carnavalaoussou.com\/wp-content\/uploads\/2023\/01\/3-1024x665-1.jpg","type":"","width":"","height":""}],"twitter_card":"summary_large_image","twitter_misc":{"Dur\u00e9e de lecture estim\u00e9e":"2 minutes"},"schema":{"@context":"https:\/\/schema.org","@graph":[{"@type":"WebPage","@id":"https:\/\/carnavalaoussou.com\/%d8%b9%d9%86-%d8%a7%d9%84%d9%85%d9%87%d8%b1%d8%ac%d8%a7%d9%86\/","url":"https:\/\/carnavalaoussou.com\/%d8%b9%d9%86-%d8%a7%d9%84%d9%85%d9%87%d8%b1%d8%ac%d8%a7%d9%86\/","name":"\u0639\u0646 \u0627\u0644\u0643\u0631\u0646\u0641\u0627\u0644 - Carnaval Aoussou","isPartOf":{"@id":"https:\/\/carnavalaoussou.com\/#website"},"primaryImageOfPage":{"@id":"https:\/\/carnavalaoussou.com\/%d8%b9%d9%86-%d8%a7%d9%84%d9%85%d9%87%d8%b1%d8%ac%d8%a7%d9%86\/#primaryimage"},"image":{"@id":"https:\/\/carnavalaoussou.com\/%d8%b9%d9%86-%d8%a7%d9%84%d9%85%d9%87%d8%b1%d8%ac%d8%a7%d9%86\/#primaryimage"},"thumbnailUrl":"https:\/\/carnavalaoussou.com\/wp-content\/uploads\/2023\/01\/3-1024x665-1.jpg","datePublished":"2021-03-07T20:13:34+00:00","dateModified":"2023-01-16T17:48:12+00:00","breadcrumb":{"@id":"https:\/\/carnavalaoussou.com\/%d8%b9%d9%86-%d8%a7%d9%84%d9%85%d9%87%d8%b1%d8%ac%d8%a7%d9%86\/#breadcrumb"},"inLanguage":"fr-FR","potentialAction":[{"@type":"ReadAction","target":["https:\/\/carnavalaoussou.com\/%d8%b9%d9%86-%d8%a7%d9%84%d9%85%d9%87%d8%b1%d8%ac%d8%a7%d9%86\/"]}]},{"@type":"ImageObject","inLanguage":"fr-FR","@id":"https:\/\/carnavalaoussou.com\/%d8%b9%d9%86-%d8%a7%d9%84%d9%85%d9%87%d8%b1%d8%ac%d8%a7%d9%86\/#primaryimage","url":"https:\/\/carnavalaoussou.com\/wp-content\/uploads\/2023\/01\/3-1024x665-1.jpg","contentUrl":"https:\/\/carnavalaoussou.com\/wp-content\/uploads\/2023\/01\/3-1024x665-1.jpg"},{"@type":"BreadcrumbList","@id":"https:\/\/carnavalaoussou.com\/%d8%b9%d9%86-%d8%a7%d9%84%d9%85%d9%87%d8%b1%d8%ac%d8%a7%d9%86\/#breadcrumb","itemListElement":[{"@type":"ListItem","position":1,"name":"Home","item":"https:\/\/carnavalaoussou.com\/"},{"@type":"ListItem","position":2,"name":"\u0639\u0646 \u0627\u0644\u0643\u0631\u0646\u0641\u0627\u0644"}]},{"@type":"WebSite","@id":"https:\/\/carnavalaoussou.com\/#website","url":"https:\/\/carnavalaoussou.com\/","name":"Carnaval Aoussou","description":"","publisher":{"@id":"https:\/\/carnavalaoussou.com\/#organization"},"potentialAction":[{"@type":"SearchAction","target":{"@type":"EntryPoint","urlTemplate":"https:\/\/carnavalaoussou.com\/?s={search_term_string}"},"query-input":{"@type":"PropertyValueSpecification","valueRequired":true,"valueName":"search_term_string"}}],"inLanguage":"fr-FR"},{"@type":"Organization","@id":"https:\/\/carnavalaoussou.com\/#organization","name":"Carnaval Aoussou","url":"https:\/\/carnavalaoussou.com\/","logo":{"@type":"ImageObject","inLanguage":"fr-FR","@id":"https:\/\/carnavalaoussou.com\/#\/schema\/logo\/image\/","url":"https:\/\/carnavalaoussou.com\/wp-content\/uploads\/2021\/04\/cropped-LOGO_ROUGE.png","contentUrl":"https:\/\/carnavalaoussou.com\/wp-content\/uploads\/2021\/04\/cropped-LOGO_ROUGE.png","width":1251,"height":567,"caption":"Carnaval Aoussou"},"image":{"@id":"https:\/\/carnavalaoussou.com\/#\/schema\/logo\/image\/"}}]}},"_links":{"self":[{"href":"https:\/\/carnavalaoussou.com\/fr\/wp-json\/wp\/v2\/pages\/344","targetHints":{"allow":["GET"]}}],"collection":[{"href":"https:\/\/carnavalaoussou.com\/fr\/wp-json\/wp\/v2\/pages"}],"about":[{"href":"https:\/\/carnavalaoussou.com\/fr\/wp-json\/wp\/v2\/types\/page"}],"author":[{"embeddable":true,"href":"https:\/\/carnavalaoussou.com\/fr\/wp-json\/wp\/v2\/users\/1"}],"replies":[{"embeddable":true,"href":"https:\/\/carnavalaoussou.com\/fr\/wp-json\/wp\/v2\/comments?post=344"}],"version-history":[{"count":107,"href":"https:\/\/carnavalaoussou.com\/fr\/wp-json\/wp\/v2\/pages\/344\/revisions"}],"predecessor-version":[{"id":4514,"href":"https:\/\/carnavalaoussou.com\/fr\/wp-json\/wp\/v2\/pages\/344\/revisions\/4514"}],"wp:attachment":[{"href":"https:\/\/carnavalaoussou.com\/fr\/wp-json\/wp\/v2\/media?parent=344"}],"curies":[{"name":"wp","href":"https:\/\/api.w.org\/{rel}","templated":true}]}}