{"id":4427,"date":"2023-01-13T21:52:04","date_gmt":"2023-01-13T20:52:04","guid":{"rendered":"https:\/\/carnavalaoussou.com\/?page_id=4427"},"modified":"2023-01-13T22:00:14","modified_gmt":"2023-01-13T21:00:14","slug":"inscription-aux-competitions","status":"publish","type":"page","link":"https:\/\/carnavalaoussou.com\/fr\/inscription-aux-competitions\/","title":{"rendered":"Inscription aux comp\u00e9titions"},"content":{"rendered":"\t\t<div data-elementor-type=\"wp-page\" data-elementor-id=\"4427\" class=\"elementor elementor-4427\" data-elementor-post-type=\"page\">\n\t\t\t\t\t\t<section class=\"elementor-section elementor-top-section elementor-element elementor-element-57ce298 elementor-section-boxed elementor-section-height-default elementor-section-height-default\" data-id=\"57ce298\" data-element_type=\"section\" data-e-type=\"section\">\n\t\t\t\t\t\t<div class=\"elementor-container elementor-column-gap-default\">\n\t\t\t\t\t<div class=\"elementor-column elementor-col-100 elementor-top-column elementor-element elementor-element-e1042f6\" data-id=\"e1042f6\" data-element_type=\"column\" data-e-type=\"column\">\n\t\t\t<div class=\"elementor-widget-wrap elementor-element-populated\">\n\t\t\t\t\t\t<div class=\"elementor-element elementor-element-fe9e7b7 elementor-widget elementor-widget-image\" data-id=\"fe9e7b7\" data-element_type=\"widget\" data-e-type=\"widget\" data-widget_type=\"image.default\">\n\t\t\t\t<div class=\"elementor-widget-container\">\n\t\t\t\t\t\t\t\t\t\t\t\t\t\t\t<img fetchpriority=\"high\" decoding=\"async\" width=\"1000\" height=\"400\" src=\"https:\/\/carnavalaoussou.com\/wp-content\/uploads\/2023\/01\/ffgff.png\" class=\"attachment-1536x1536 size-1536x1536 wp-image-4430\" alt=\"\" srcset=\"https:\/\/carnavalaoussou.com\/wp-content\/uploads\/2023\/01\/ffgff.png 1000w, https:\/\/carnavalaoussou.com\/wp-content\/uploads\/2023\/01\/ffgff-300x120.png 300w, https:\/\/carnavalaoussou.com\/wp-content\/uploads\/2023\/01\/ffgff-768x307.png 768w, https:\/\/carnavalaoussou.com\/wp-content\/uploads\/2023\/01\/ffgff-18x7.png 18w\" sizes=\"(max-width: 1000px) 100vw, 1000px\" \/>\t\t\t\t\t\t\t\t\t\t\t\t\t\t\t<\/div>\n\t\t\t\t<\/div>\n\t\t\t\t\t<\/div>\n\t\t<\/div>\n\t\t\t\t\t<\/div>\n\t\t<\/section>\n\t\t\t\t<section class=\"elementor-section elementor-top-section elementor-element elementor-element-bbb7be8 elementor-section-boxed elementor-section-height-default elementor-section-height-default\" data-id=\"bbb7be8\" data-element_type=\"section\" data-e-type=\"section\">\n\t\t\t\t\t\t<div class=\"elementor-container elementor-column-gap-default\">\n\t\t\t\t\t<div class=\"elementor-column elementor-col-100 elementor-top-column elementor-element elementor-element-098d397\" data-id=\"098d397\" data-element_type=\"column\" data-e-type=\"column\">\n\t\t\t<div class=\"elementor-widget-wrap elementor-element-populated\">\n\t\t\t\t\t\t<div class=\"elementor-element elementor-element-971ad53 elementor-widget elementor-widget-text-editor\" data-id=\"971ad53\" data-element_type=\"widget\" data-e-type=\"widget\" data-widget_type=\"text-editor.default\">\n\t\t\t\t<div class=\"elementor-widget-container\">\n\t\t\t\t\t\t\t\t\t<p>\u064a\u0647\u062f\u0641 \u0643\u0631\u0646\u0641\u0627\u0644 \u0627\u0633\u062a\u0639\u0631\u0627\u0636 \u0623\u0648\u0633\u0648 \u0625\u0644\u0649 \u0627\u0644\u0645\u0633\u0627\u0647\u0645\u0629 \u0641\u064a \u062f\u0639\u0645 \u0648\u062a\u0646\u0634\u064a\u0637 \u0627\u0644\u062d\u064a\u0627\u0629 \u0627\u0644\u062b\u0642\u0627\u0641\u064a\u0629 \u0628\u0627\u0644\u0648\u0644\u0627\u064a\u0629 \u0648\u0627\u0644\u0645\u062d\u0627\u0641\u0638\u0629 \u0639\u0644\u0649 \u0627\u0644\u0645\u0648\u0631\u0648\u062b \u0627\u0644\u062b\u0642\u0627\u0641\u064a \u0627\u0644\u0634\u0639\u0628\u064a \u0648\u0627\u0644\u0639\u0645\u0644 \u0639\u0644\u0649 \u0627\u062d\u064a\u0627\u0621 \u0627\u0644\u0639\u0627\u062f\u0627\u062a \u0648\u0627\u0644\u062a\u0642\u0627\u0644\u064a\u062f \u0627\u0644\u0646\u0627\u0628\u0639\u0629 \u0645\u0646 \u0647\u0630\u0627 \u0627\u0644\u062a\u0631\u0627\u062b \u0648\u0627\u0628\u0631\u0627\u0632 \u0627\u0644\u0645\u0643\u0627\u0633\u0628 \u0627\u0644\u062a\u064a \u062a\u062d\u0642\u0642\u062a \u0641\u064a \u0645\u062e\u062a\u0644\u0641 \u0627\u0644\u0645\u062c\u0627\u0644\u0627\u062a \u0627\u0644\u0634\u0628\u0627\u0628\u064a\u0629 \u0648\u0627\u0644\u062b\u0642\u0627\u0641\u064a\u0629 \u0648\u0627\u0644\u0633\u064a\u0627\u062d\u064a\u0629 \u062c\u0647\u0648\u064a\u0627 \u0648\u0648\u0637\u0646\u064a\u0627.<\/p>\t\t\t\t\t\t\t\t<\/div>\n\t\t\t\t<\/div>\n\t\t\t\t<div class=\"elementor-element elementor-element-c63c92e elementor-widget elementor-widget-wpforms\" data-id=\"c63c92e\" data-element_type=\"widget\" data-e-type=\"widget\" data-widget_type=\"wpforms.default\">\n\t\t\t\t<div class=\"elementor-widget-container\">\n\t\t\t\t\t<div class=\"wpforms-container wpforms-container-full\" id=\"wpforms-4422\"><form id=\"wpforms-form-4422\" class=\"wpforms-validate wpforms-form\" data-formid=\"4422\" method=\"post\" enctype=\"multipart\/form-data\" action=\"\/fr\/wp-json\/wp\/v2\/pages\/4427?wpforms_form_id=4422\" data-token=\"f13433b5eff91c95009f893079719a05\" data-token-time=\"1777718946\"><noscript class=\"wpforms-error-noscript\">Veuillez activer JavaScript dans votre navigateur pour remplir ce formulaire.<\/noscript><div class=\"wpforms-field-container\"><div id=\"wpforms-4422-field_0-container\" class=\"wpforms-field wpforms-field-name\" data-field-id=\"0\"><label class=\"wpforms-field-label\" for=\"wpforms-4422-field_0\">\u0627\u0644\u0625\u0633\u0645 \u0648 \u0627\u0644\u0644\u0642\u0628 <span class=\"wpforms-required-label\">*<\/span><\/label><div class=\"wpforms-field-row wpforms-field-medium\"><div class=\"wpforms-field-row-block wpforms-first wpforms-one-half\"><input type=\"text\" id=\"wpforms-4422-field_0\" class=\"wpforms-field-name-first wpforms-field-required\" name=\"wpforms[fields][0][first]\" placeholder=\"\u0627\u0644\u0644\u0642\u0628\" required><label for=\"wpforms-4422-field_0\" class=\"wpforms-field-sublabel after wpforms-sublabel-hide\">Pr\u00e9nom<\/label><\/div><div class=\"wpforms-field-row-block wpforms-one-half\"><input type=\"text\" id=\"wpforms-4422-field_0-last\" class=\"wpforms-field-name-last wpforms-field-required\" name=\"wpforms[fields][0][last]\" placeholder=\"\u0627\u0644\u0625\u0633\u0645\" required><label for=\"wpforms-4422-field_0-last\" class=\"wpforms-field-sublabel after wpforms-sublabel-hide\">Nom<\/label><\/div><\/div><\/div><div id=\"wpforms-4422-field_33-container\" class=\"wpforms-field wpforms-field-phone\" data-field-id=\"33\"><label class=\"wpforms-field-label\" for=\"wpforms-4422-field_33\">\u0627\u0644\u0647\u0627\u062a\u0641 <span class=\"wpforms-required-label\">*<\/span><\/label><input type=\"tel\" id=\"wpforms-4422-field_33\" class=\"wpforms-field-medium wpforms-field-required\" data-rule-int-phone-field=\"true\" name=\"wpforms[fields][33]\" required><\/div><div id=\"wpforms-4422-field_1-container\" class=\"wpforms-field wpforms-field-email\" data-field-id=\"1\"><label class=\"wpforms-field-label\" for=\"wpforms-4422-field_1\">\u0627\u0644\u0628\u0631\u064a\u062f \u0627\u0644\u0625\u0644\u0643\u062a\u0631\u0648\u0646\u064a  <span class=\"wpforms-required-label\">*<\/span><\/label><div class=\"wpforms-field-row wpforms-field-medium\"><div class=\"wpforms-field-row-block wpforms-one-half wpforms-first\"><input type=\"email\" id=\"wpforms-4422-field_1\" class=\"wpforms-field-required wpforms-field-email-primary\" name=\"wpforms[fields][1][primary]\" placeholder=\"\u0627\u0644\u0628\u0631\u064a\u062f \u0627\u0644\u0625\u0644\u0643\u062a\u0631\u0648\u0646\u064a \" spellcheck=\"false\" required><label for=\"wpforms-4422-field_1\" class=\"wpforms-field-sublabel after wpforms-sublabel-hide\">E-mail<\/label><\/div><div class=\"wpforms-field-row-block wpforms-one-half\"><input type=\"email\" id=\"wpforms-4422-field_1-secondary\" class=\"wpforms-field-email-secondary wpforms-field-required\" data-rule-confirm=\"#wpforms-4422-field_1\" name=\"wpforms[fields][1][secondary]\" placeholder=\"\u062a\u0627\u0643\u064a\u062f\" spellcheck=\"false\" required><label for=\"wpforms-4422-field_1-secondary\" class=\"wpforms-field-sublabel after wpforms-sublabel-hide\">Confirmez l\u2019e-mail<\/label><\/div><\/div><\/div><div id=\"wpforms-4422-field_30-container\" class=\"wpforms-field wpforms-field-name\" data-field-id=\"30\"><label class=\"wpforms-field-label\" for=\"wpforms-4422-field_30\">\u0627\u0644\u0648\u0627\u062a\u0633 \u0627\u0628<\/label><input type=\"text\" id=\"wpforms-4422-field_30\" class=\"wpforms-field-medium\" name=\"wpforms[fields][30]\" ><\/div><div id=\"wpforms-4422-field_42-container\" class=\"wpforms-field wpforms-field-file-upload\" data-field-id=\"42\"><label class=\"wpforms-field-label\" for=\"wpforms-4422-field_42\">\u062a\u062d\u0645\u064a\u0644 \u0627\u0644\u0635\u0648\u0631\u0629 \u0627\u0644\u0634\u062e\u0635\u064a\u0629<\/label><div\n\t\tclass=\"wpforms-uploader\"\n\t\tdata-field-id=\"42\"\n\t\tdata-form-id=\"4422\"\n\t\tdata-input-name=\"wpforms_4422_42\"\n\t\tdata-extensions=\"jpg,jpeg,jpe,gif,png,bmp,tiff,tif,webp,avif,ico,heic,heif,heics,heifs,asf,asx,wmv,wmx,wm,avi,divx,mov,qt,mpeg,mpg,mpe,mp4,m4v,ogv,webm,mkv,3gp,3gpp,3g2,3gp2,txt,asc,c,cc,h,srt,csv,tsv,ics,rtx,css,vtt,mp3,m4a,m4b,aac,ra,ram,wav,x-wav,ogg,oga,flac,mid,midi,wma,wax,mka,rtf,pdf,class,tar,zip,gz,gzip,rar,7z,psd,xcf,doc,pot,pps,ppt,wri,xla,xls,xlt,xlw,mpp,docx,docm,dotx,dotm,xlsx,xlsm,xlsb,xltx,xltm,xlam,pptx,pptm,ppsx,ppsm,potx,potm,ppam,sldx,sldm,onetoc,onetoc2,onepkg,oxps,xps,odt,odp,ods,odg,odc,odb,odf,wp,wpd,key,numbers,pages\"\n\t\tdata-max-size=\"268435456\"\n\t\tdata-max-file-number=\"1\"\n\t\tdata-post-max-size=\"268435456\"\n\t\tdata-max-parallel-uploads=\"4\"\n\t\tdata-parallel-uploads=\"true\"\n\t\tdata-file-chunk-size=\"2097152\">\n\t<div class=\"dz-message\">\n\t\t<svg viewBox=\"0 0 1024 1024\" focusable=\"false\" data-icon=\"inbox\" width=\"50px\" height=\"50px\" fill=\"currentColor\" aria-hidden=\"true\">\n\t\t\t<path d=\"M885.2 446.3l-.2-.8-112.2-285.1c-5-16.1-19.9-27.2-36.8-27.2H281.2c-17 0-32.1 11.3-36.9 27.6L139.4 443l-.3.7-.2.8c-1.3 4.9-1.7 9.9-1 14.8-.1 1.6-.2 3.2-.2 4.8V830a60.9 60.9 0 0 0 60.8 60.8h627.2c33.5 0 60.8-27.3 60.9-60.8V464.1c0-1.3 0-2.6-.1-3.7.4-4.9 0-9.6-1.3-14.1zm-295.8-43l-.3 15.7c-.8 44.9-31.8 75.1-77.1 75.1-22.1 0-41.1-7.1-54.8-20.6S436 441.2 435.6 419l-.3-15.7H229.5L309 210h399.2l81.7 193.3H589.4zm-375 76.8h157.3c24.3 57.1 76 90.8 140.4 90.8 33.7 0 65-9.4 90.3-27.2 22.2-15.6 39.5-37.4 50.7-63.6h156.5V814H214.4V480.1z\"><\/path>\n\t\t<\/svg>\n\t\t<span class=\"modern-title\">Cliquez ou d\u00e9placez un fichier dans cette zone pour le t\u00e9l\u00e9verser.<\/span>\n\n\t\t\t<\/div>\n<\/div>\n<input\n\t\ttype=\"text\"\n\t\tautocomplete=\"off\"\n\t\treadonly\n\t\tclass=\"dropzone-input\"\n\t\tstyle=\"position:absolute!important;clip:rect(0,0,0,0)!important;height:1px!important;width:1px!important;border:0!important;overflow:hidden!important;padding:0!important;margin:0!important;\"\n\t\tid=\"wpforms-4422-field_42\"\n\t\tname=\"wpforms_4422_42\" \t\tvalue=\"\">\n<\/div><div id=\"wpforms-4422-field_36-container\" class=\"wpforms-field wpforms-field-select wpforms-field-select-style-classic\" data-field-id=\"36\"><label class=\"wpforms-field-label\" for=\"wpforms-4422-field_36\">\u0627\u062e\u062a\u064a\u0627\u0631 \u0627\u0644\u0645\u0633\u0627\u0628\u0642\u0629<\/label><select id=\"wpforms-4422-field_36\" class=\"wpforms-field-small\" name=\"wpforms[fields][36]\"><option value=\"\u0645\u0633\u0627\u0628\u0642\u0629 \u0627\u0644\u0642\u0635\u0648\u0631 \u0627\u0644\u0631\u0645\u0644\u064a\u0629\" >\u0645\u0633\u0627\u0628\u0642\u0629 \u0627\u0644\u0642\u0635\u0648\u0631 \u0627\u0644\u0631\u0645\u0644\u064a\u0629<\/option><option value=\"\u0627\u0644\u0645\u0633\u0627\u0628\u0642\u0627\u062a \u0627\u0644\u0631\u064a\u0627\u0636\u064a\u0629\" >\u0627\u0644\u0645\u0633\u0627\u0628\u0642\u0627\u062a \u0627\u0644\u0631\u064a\u0627\u0636\u064a\u0629<\/option><option value=\"\u0645\u0633\u0627\u0628\u0642\u0629 \u0627\u0644\u0637\u0628\u062e\" >\u0645\u0633\u0627\u0628\u0642\u0629 \u0627\u0644\u0637\u0628\u062e<\/option><\/select><\/div><div id=\"wpforms-4422-field_26-container\" class=\"wpforms-field wpforms-field-checkbox\" data-field-id=\"26\"><label class=\"wpforms-field-label\" for=\"wpforms-4422-field_26\">\u0634\u0631\u0648\u0637 \u0648\u0623\u062d\u0643\u0627\u0645 <span class=\"wpforms-required-label\">*<\/span><\/label><ul id=\"wpforms-4422-field_26\" class=\"wpforms-field-required\"><li class=\"choice-1 depth-1\"><input type=\"checkbox\" id=\"wpforms-4422-field_26_1\" name=\"wpforms[fields][26][]\" value=\"\u0623\u0648\u0627\u0641\u0642\" required ><label class=\"wpforms-field-label-inline\" for=\"wpforms-4422-field_26_1\">\u0623\u0648\u0627\u0641\u0642<\/label><\/li><\/ul><div class=\"wpforms-field-description\">\u0628\u0627\u0644\u0636\u063a\u0637 \u0639\u0644\u0649 \u0632\u0631 \"\u0623\u0648\u0627\u0641\u0642\"\u060c \u0641\u0625\u0646\u0646\u064a\r\n \u0623\u0642\u0631 \u0648\u0623\u062a\u0639\u0647\u062f \u0628\u0623\u0646\u064a\r\n\u0627\u0637\u0644\u0639\u062a \u0648 \u0648\u0627\u0641\u0642\u062a \u0639\u0644\u0649 \u0634\u0631\u0648\u0637 \u0648\u0627\u062d\u0643\u0627\u0645 \u0627\u0644\u0645\u0634\u0627\u0631\u0643\u0629 \u0648 \u0623\u0644\u062a\u0632\u0645 \u0628\u0625\u062d\u062a\u0631\u0627\u0645 \u0645\u0627 \r\n \u062c\u0627\u0621 \u0641\u064a\u0647\u0627 \u0643\u0645\u0627 \u0623\u0644\u062a\u0632\u0645 \u0628\u0635\u062d\u0629 \u0627\u0644\u0645\u0639\u0637\u064a\u0627\u062a \u0627\u0644\u062a\u064a \u0642\u062f\u0645\u062a\u0647\u0627\r\n\u0648\u0623\u0648\u0627\u0641\u0642 \u0639\u0644\u0649 \u0625\u0633\u062a\u062e\u062f\u0627\u0645\u0647\u0627 \u0645\u0646 \u0642\u0628\u0644 \u0625\u062f\u0627\u0631\u0629 \u0627\u0644\u0643\u0631\u0646\u0641\u0627\u0644 \u0644\u0627 \u063a\u064a\u0631<\/div><\/div><\/div><!-- .wpforms-field-container --><div class=\"wpforms-recaptcha-container wpforms-is-recaptcha wpforms-is-recaptcha-type-v3\" ><input type=\"hidden\" name=\"wpforms[recaptcha]\" value=\"\"><\/div><div class=\"wpforms-submit-container\" ><input type=\"hidden\" name=\"wpforms[id]\" value=\"4422\"><input type=\"hidden\" name=\"page_title\" value=\"\"><input type=\"hidden\" name=\"page_url\" value=\"https:\/\/carnavalaoussou.com\/fr\/wp-json\/wp\/v2\/pages\/4427\"><button type=\"submit\" name=\"wpforms[submit]\" id=\"wpforms-submit-4422\" class=\"wpforms-submit\" data-alt-text=\"\u062c\u0627\u0631\u064a \u0627\u0644\u0627\u0631\u0633\u0627\u0644\" data-submit-text=\"\u0627\u0631\u0633\u0644\" aria-live=\"assertive\" value=\"wpforms-submit\">\u0627\u0631\u0633\u0644<\/button><\/div><\/form><\/div>  <!-- .wpforms-container -->\t\t\t\t<\/div>\n\t\t\t\t<\/div>\n\t\t\t\t\t<\/div>\n\t\t<\/div>\n\t\t\t\t\t<\/div>\n\t\t<\/section>\n\t\t\t\t<\/div>\n\t\t","protected":false},"excerpt":{"rendered":"<p>\u2022 Contribution \u00e0 la revitalisation de la vie culturelle dans la ville, \u00e0 la pr\u00e9servation du patrimoine culturel populaire et \u00e0 la revitalisation des us et coutumes issus de ce patrimoine.<\/p>","protected":false},"author":1,"featured_media":4124,"parent":0,"menu_order":0,"comment_status":"closed","ping_status":"closed","template":"page-templates\/template-pagebuilder-full-width.php","meta":{"_oct_exclude_from_cache":false,"neve_meta_sidebar":"full-width","neve_meta_container":"","neve_meta_enable_content_width":"on","neve_meta_content_width":100,"neve_meta_title_alignment":"","neve_meta_author_avatar":"","neve_post_elements_order":"","neve_meta_disable_header":"","neve_meta_disable_footer":"","neve_meta_disable_title":"on","neve_meta_reading_time":"","footnotes":""},"class_list":["post-4427","page","type-page","status-publish","has-post-thumbnail","hentry"],"yoast_head":"<!-- This site is optimized with the Yoast SEO Premium plugin v20.5 (Yoast SEO v27.5) - https:\/\/yoast.com\/product\/yoast-seo-premium-wordpress\/ -->\n<title>Inscription aux comp\u00e9titions - Carnaval Aoussou<\/title>\n<meta name=\"robots\" content=\"index, follow, max-snippet:-1, max-image-preview:large, max-video-preview:-1\" \/>\n<link rel=\"canonical\" href=\"https:\/\/carnavalaoussou.com\/fr\/inscription-aux-competitions\/\" \/>\n<meta property=\"og:locale\" content=\"fr_FR\" \/>\n<meta property=\"og:type\" content=\"article\" \/>\n<meta property=\"og:title\" content=\"Inscription aux comp\u00e9titions\" \/>\n<meta property=\"og:description\" content=\"\u064a\u0647\u062f\u0641 \u0643\u0631\u0646\u0641\u0627\u0644 \u0627\u0633\u062a\u0639\u0631\u0627\u0636 \u0623\u0648\u0633\u0648 \u0625\u0644\u0649 \u0627\u0644\u0645\u0633\u0627\u0647\u0645\u0629 \u0641\u064a \u062f\u0639\u0645 \u0648\u062a\u0646\u0634\u064a\u0637 \u0627\u0644\u062d\u064a\u0627\u0629 \u0627\u0644\u062b\u0642\u0627\u0641\u064a\u0629 \u0628\u0627\u0644\u0648\u0644\u0627\u064a\u0629 \u0648\u0627\u0644\u0645\u062d\u0627\u0641\u0638\u0629 \u0639\u0644\u0649 \u0627\u0644\u0645\u0648\u0631\u0648\u062b \u0627\u0644\u062b\u0642\u0627\u0641\u064a \u0627\u0644\u0634\u0639\u0628\u064a \u0648\u0627\u0644\u0639\u0645\u0644 \u0639\u0644\u0649 \u0627\u062d\u064a\u0627\u0621 \u0627\u0644\u0639\u0627\u062f\u0627\u062a \u0648\u0627\u0644\u062a\u0642\u0627\u0644\u064a\u062f \u0627\u0644\u0646\u0627\u0628\u0639\u0629 \u0645\u0646 \u0647\u0630\u0627 \u0627\u0644\u062a\u0631\u0627\u062b \u0648\u0627\u0628\u0631\u0627\u0632 \u0627\u0644\u0645\u0643\u0627\u0633\u0628 \u0627\u0644\u062a\u064a \u062a\u062d\u0642\u0642\u062a \u0641\u064a \u0645\u062e\u062a\u0644\u0641 \u0627\u0644\u0645\u062c\u0627\u0644\u0627\u062a \u0627\u0644\u0634\u0628\u0627\u0628\u064a\u0629 \u0648\u0627\u0644\u062b\u0642\u0627\u0641\u064a\u0629 \u0648\u0627\u0644\u0633\u064a\u0627\u062d\u064a\u0629 \u062c\u0647\u0648\u064a\u0627 \u0648\u0648\u0637\u0646\u064a\u0627.\" \/>\n<meta property=\"og:url\" content=\"https:\/\/carnavalaoussou.com\/fr\/inscription-aux-competitions\/\" \/>\n<meta property=\"og:site_name\" content=\"Carnaval Aoussou\" \/>\n<meta property=\"article:modified_time\" content=\"2023-01-13T21:00:14+00:00\" \/>\n<meta property=\"og:image\" content=\"https:\/\/carnavalaoussou.com\/wp-content\/uploads\/2023\/01\/200.jpg\" \/>\n\t<meta property=\"og:image:width\" content=\"200\" \/>\n\t<meta property=\"og:image:height\" content=\"200\" \/>\n\t<meta property=\"og:image:type\" content=\"image\/jpeg\" \/>\n<meta name=\"twitter:card\" content=\"summary_large_image\" \/>\n<meta name=\"twitter:label1\" content=\"Dur\u00e9e de lecture estim\u00e9e\" \/>\n\t<meta name=\"twitter:data1\" content=\"2 minutes\" \/>\n<script type=\"application\/ld+json\" class=\"yoast-schema-graph\">{\"@context\":\"https:\\\/\\\/schema.org\",\"@graph\":[{\"@type\":\"WebPage\",\"@id\":\"https:\\\/\\\/carnavalaoussou.com\\\/inscription-aux-competitions\\\/\",\"url\":\"https:\\\/\\\/carnavalaoussou.com\\\/inscription-aux-competitions\\\/\",\"name\":\"Inscription aux comp\u00e9titions - Carnaval Aoussou\",\"isPartOf\":{\"@id\":\"https:\\\/\\\/carnavalaoussou.com\\\/#website\"},\"primaryImageOfPage\":{\"@id\":\"https:\\\/\\\/carnavalaoussou.com\\\/inscription-aux-competitions\\\/#primaryimage\"},\"image\":{\"@id\":\"https:\\\/\\\/carnavalaoussou.com\\\/inscription-aux-competitions\\\/#primaryimage\"},\"thumbnailUrl\":\"https:\\\/\\\/carnavalaoussou.com\\\/wp-content\\\/uploads\\\/2023\\\/01\\\/200.jpg\",\"datePublished\":\"2023-01-13T20:52:04+00:00\",\"dateModified\":\"2023-01-13T21:00:14+00:00\",\"breadcrumb\":{\"@id\":\"https:\\\/\\\/carnavalaoussou.com\\\/inscription-aux-competitions\\\/#breadcrumb\"},\"inLanguage\":\"fr-FR\",\"potentialAction\":[{\"@type\":\"ReadAction\",\"target\":[\"https:\\\/\\\/carnavalaoussou.com\\\/inscription-aux-competitions\\\/\"]}]},{\"@type\":\"ImageObject\",\"inLanguage\":\"fr-FR\",\"@id\":\"https:\\\/\\\/carnavalaoussou.com\\\/inscription-aux-competitions\\\/#primaryimage\",\"url\":\"https:\\\/\\\/carnavalaoussou.com\\\/wp-content\\\/uploads\\\/2023\\\/01\\\/200.jpg\",\"contentUrl\":\"https:\\\/\\\/carnavalaoussou.com\\\/wp-content\\\/uploads\\\/2023\\\/01\\\/200.jpg\",\"width\":200,\"height\":200},{\"@type\":\"BreadcrumbList\",\"@id\":\"https:\\\/\\\/carnavalaoussou.com\\\/inscription-aux-competitions\\\/#breadcrumb\",\"itemListElement\":[{\"@type\":\"ListItem\",\"position\":1,\"name\":\"Home\",\"item\":\"https:\\\/\\\/carnavalaoussou.com\\\/\"},{\"@type\":\"ListItem\",\"position\":2,\"name\":\"Inscription aux comp\u00e9titions\"}]},{\"@type\":\"WebSite\",\"@id\":\"https:\\\/\\\/carnavalaoussou.com\\\/#website\",\"url\":\"https:\\\/\\\/carnavalaoussou.com\\\/\",\"name\":\"Carnaval Aoussou\",\"description\":\"\",\"publisher\":{\"@id\":\"https:\\\/\\\/carnavalaoussou.com\\\/#organization\"},\"potentialAction\":[{\"@type\":\"SearchAction\",\"target\":{\"@type\":\"EntryPoint\",\"urlTemplate\":\"https:\\\/\\\/carnavalaoussou.com\\\/?s={search_term_string}\"},\"query-input\":{\"@type\":\"PropertyValueSpecification\",\"valueRequired\":true,\"valueName\":\"search_term_string\"}}],\"inLanguage\":\"fr-FR\"},{\"@type\":\"Organization\",\"@id\":\"https:\\\/\\\/carnavalaoussou.com\\\/#organization\",\"name\":\"Carnaval Aoussou\",\"url\":\"https:\\\/\\\/carnavalaoussou.com\\\/\",\"logo\":{\"@type\":\"ImageObject\",\"inLanguage\":\"fr-FR\",\"@id\":\"https:\\\/\\\/carnavalaoussou.com\\\/#\\\/schema\\\/logo\\\/image\\\/\",\"url\":\"https:\\\/\\\/carnavalaoussou.com\\\/wp-content\\\/uploads\\\/2021\\\/04\\\/cropped-LOGO_ROUGE.png\",\"contentUrl\":\"https:\\\/\\\/carnavalaoussou.com\\\/wp-content\\\/uploads\\\/2021\\\/04\\\/cropped-LOGO_ROUGE.png\",\"width\":1251,\"height\":567,\"caption\":\"Carnaval Aoussou\"},\"image\":{\"@id\":\"https:\\\/\\\/carnavalaoussou.com\\\/#\\\/schema\\\/logo\\\/image\\\/\"}}]}<\/script>\n<!-- \/ Yoast SEO Premium plugin. -->","yoast_head_json":{"title":"Inscription aux comp\u00e9titions - Carnaval Aoussou","robots":{"index":"index","follow":"follow","max-snippet":"max-snippet:-1","max-image-preview":"max-image-preview:large","max-video-preview":"max-video-preview:-1"},"canonical":"https:\/\/carnavalaoussou.com\/fr\/inscription-aux-competitions\/","og_locale":"fr_FR","og_type":"article","og_title":"Inscription aux comp\u00e9titions","og_description":"\u064a\u0647\u062f\u0641 \u0643\u0631\u0646\u0641\u0627\u0644 \u0627\u0633\u062a\u0639\u0631\u0627\u0636 \u0623\u0648\u0633\u0648 \u0625\u0644\u0649 \u0627\u0644\u0645\u0633\u0627\u0647\u0645\u0629 \u0641\u064a \u062f\u0639\u0645 \u0648\u062a\u0646\u0634\u064a\u0637 \u0627\u0644\u062d\u064a\u0627\u0629 \u0627\u0644\u062b\u0642\u0627\u0641\u064a\u0629 \u0628\u0627\u0644\u0648\u0644\u0627\u064a\u0629 \u0648\u0627\u0644\u0645\u062d\u0627\u0641\u0638\u0629 \u0639\u0644\u0649 \u0627\u0644\u0645\u0648\u0631\u0648\u062b \u0627\u0644\u062b\u0642\u0627\u0641\u064a \u0627\u0644\u0634\u0639\u0628\u064a \u0648\u0627\u0644\u0639\u0645\u0644 \u0639\u0644\u0649 \u0627\u062d\u064a\u0627\u0621 \u0627\u0644\u0639\u0627\u062f\u0627\u062a \u0648\u0627\u0644\u062a\u0642\u0627\u0644\u064a\u062f \u0627\u0644\u0646\u0627\u0628\u0639\u0629 \u0645\u0646 \u0647\u0630\u0627 \u0627\u0644\u062a\u0631\u0627\u062b \u0648\u0627\u0628\u0631\u0627\u0632 \u0627\u0644\u0645\u0643\u0627\u0633\u0628 \u0627\u0644\u062a\u064a \u062a\u062d\u0642\u0642\u062a \u0641\u064a \u0645\u062e\u062a\u0644\u0641 \u0627\u0644\u0645\u062c\u0627\u0644\u0627\u062a \u0627\u0644\u0634\u0628\u0627\u0628\u064a\u0629 \u0648\u0627\u0644\u062b\u0642\u0627\u0641\u064a\u0629 \u0648\u0627\u0644\u0633\u064a\u0627\u062d\u064a\u0629 \u062c\u0647\u0648\u064a\u0627 \u0648\u0648\u0637\u0646\u064a\u0627.","og_url":"https:\/\/carnavalaoussou.com\/fr\/inscription-aux-competitions\/","og_site_name":"Carnaval Aoussou","article_modified_time":"2023-01-13T21:00:14+00:00","og_image":[{"width":200,"height":200,"url":"https:\/\/carnavalaoussou.com\/wp-content\/uploads\/2023\/01\/200.jpg","type":"image\/jpeg"}],"twitter_card":"summary_large_image","twitter_misc":{"Dur\u00e9e de lecture estim\u00e9e":"2 minutes"},"schema":{"@context":"https:\/\/schema.org","@graph":[{"@type":"WebPage","@id":"https:\/\/carnavalaoussou.com\/inscription-aux-competitions\/","url":"https:\/\/carnavalaoussou.com\/inscription-aux-competitions\/","name":"Inscription aux comp\u00e9titions - Carnaval Aoussou","isPartOf":{"@id":"https:\/\/carnavalaoussou.com\/#website"},"primaryImageOfPage":{"@id":"https:\/\/carnavalaoussou.com\/inscription-aux-competitions\/#primaryimage"},"image":{"@id":"https:\/\/carnavalaoussou.com\/inscription-aux-competitions\/#primaryimage"},"thumbnailUrl":"https:\/\/carnavalaoussou.com\/wp-content\/uploads\/2023\/01\/200.jpg","datePublished":"2023-01-13T20:52:04+00:00","dateModified":"2023-01-13T21:00:14+00:00","breadcrumb":{"@id":"https:\/\/carnavalaoussou.com\/inscription-aux-competitions\/#breadcrumb"},"inLanguage":"fr-FR","potentialAction":[{"@type":"ReadAction","target":["https:\/\/carnavalaoussou.com\/inscription-aux-competitions\/"]}]},{"@type":"ImageObject","inLanguage":"fr-FR","@id":"https:\/\/carnavalaoussou.com\/inscription-aux-competitions\/#primaryimage","url":"https:\/\/carnavalaoussou.com\/wp-content\/uploads\/2023\/01\/200.jpg","contentUrl":"https:\/\/carnavalaoussou.com\/wp-content\/uploads\/2023\/01\/200.jpg","width":200,"height":200},{"@type":"BreadcrumbList","@id":"https:\/\/carnavalaoussou.com\/inscription-aux-competitions\/#breadcrumb","itemListElement":[{"@type":"ListItem","position":1,"name":"Home","item":"https:\/\/carnavalaoussou.com\/"},{"@type":"ListItem","position":2,"name":"Inscription aux comp\u00e9titions"}]},{"@type":"WebSite","@id":"https:\/\/carnavalaoussou.com\/#website","url":"https:\/\/carnavalaoussou.com\/","name":"Carnaval Aoussou","description":"","publisher":{"@id":"https:\/\/carnavalaoussou.com\/#organization"},"potentialAction":[{"@type":"SearchAction","target":{"@type":"EntryPoint","urlTemplate":"https:\/\/carnavalaoussou.com\/?s={search_term_string}"},"query-input":{"@type":"PropertyValueSpecification","valueRequired":true,"valueName":"search_term_string"}}],"inLanguage":"fr-FR"},{"@type":"Organization","@id":"https:\/\/carnavalaoussou.com\/#organization","name":"Carnaval Aoussou","url":"https:\/\/carnavalaoussou.com\/","logo":{"@type":"ImageObject","inLanguage":"fr-FR","@id":"https:\/\/carnavalaoussou.com\/#\/schema\/logo\/image\/","url":"https:\/\/carnavalaoussou.com\/wp-content\/uploads\/2021\/04\/cropped-LOGO_ROUGE.png","contentUrl":"https:\/\/carnavalaoussou.com\/wp-content\/uploads\/2021\/04\/cropped-LOGO_ROUGE.png","width":1251,"height":567,"caption":"Carnaval Aoussou"},"image":{"@id":"https:\/\/carnavalaoussou.com\/#\/schema\/logo\/image\/"}}]}},"_links":{"self":[{"href":"https:\/\/carnavalaoussou.com\/fr\/wp-json\/wp\/v2\/pages\/4427","targetHints":{"allow":["GET"]}}],"collection":[{"href":"https:\/\/carnavalaoussou.com\/fr\/wp-json\/wp\/v2\/pages"}],"about":[{"href":"https:\/\/carnavalaoussou.com\/fr\/wp-json\/wp\/v2\/types\/page"}],"author":[{"embeddable":true,"href":"https:\/\/carnavalaoussou.com\/fr\/wp-json\/wp\/v2\/users\/1"}],"replies":[{"embeddable":true,"href":"https:\/\/carnavalaoussou.com\/fr\/wp-json\/wp\/v2\/comments?post=4427"}],"version-history":[{"count":5,"href":"https:\/\/carnavalaoussou.com\/fr\/wp-json\/wp\/v2\/pages\/4427\/revisions"}],"predecessor-version":[{"id":4439,"href":"https:\/\/carnavalaoussou.com\/fr\/wp-json\/wp\/v2\/pages\/4427\/revisions\/4439"}],"wp:featuredmedia":[{"embeddable":true,"href":"https:\/\/carnavalaoussou.com\/fr\/wp-json\/wp\/v2\/media\/4124"}],"wp:attachment":[{"href":"https:\/\/carnavalaoussou.com\/fr\/wp-json\/wp\/v2\/media?parent=4427"}],"curies":[{"name":"wp","href":"https:\/\/api.w.org\/{rel}","templated":true}]}}