{"id":6192,"date":"2025-07-12T16:52:26","date_gmt":"2025-07-12T15:52:26","guid":{"rendered":"https:\/\/carnavalaoussou.com\/?page_id=6192"},"modified":"2025-07-12T16:56:23","modified_gmt":"2025-07-12T15:56:23","slug":"assemblee-generale-2025-electoral","status":"publish","type":"page","link":"https:\/\/carnavalaoussou.com\/fr\/assemblee-generale-2025-electoral\/","title":{"rendered":"Assembl\u00e9e g\u00e9n\u00e9rale 2025 \u00c9lectoral"},"content":{"rendered":"<div data-elementor-type=\"wp-page\" data-elementor-id=\"6192\" class=\"elementor elementor-6192\" data-elementor-post-type=\"page\">\n\t\t\t\t\t\t<section class=\"elementor-section elementor-top-section elementor-element elementor-element-c948c00 elementor-section-boxed elementor-section-height-default elementor-section-height-default\" data-id=\"c948c00\" data-element_type=\"section\" data-e-type=\"section\">\n\t\t\t\t\t\t<div class=\"elementor-container elementor-column-gap-default\">\n\t\t\t\t\t<div class=\"elementor-column elementor-col-100 elementor-top-column elementor-element elementor-element-da942e9\" data-id=\"da942e9\" data-element_type=\"column\" data-e-type=\"column\">\n\t\t\t<div class=\"elementor-widget-wrap elementor-element-populated\">\n\t\t\t\t\t\t<div class=\"elementor-element elementor-element-6e07ec9 elementor-widget elementor-widget-spacer\" data-id=\"6e07ec9\" data-element_type=\"widget\" data-e-type=\"widget\" data-widget_type=\"spacer.default\">\n\t\t\t\t<div class=\"elementor-widget-container\">\n\t\t\t\t\t\t\t<div class=\"elementor-spacer\">\n\t\t\t<div class=\"elementor-spacer-inner\"><\/div>\n\t\t<\/div>\n\t\t\t\t\t\t<\/div>\n\t\t\t\t<\/div>\n\t\t\t\t\t<\/div>\n\t\t<\/div>\n\t\t\t\t\t<\/div>\n\t\t<\/section>\n\t\t\t\t<section class=\"elementor-section elementor-top-section elementor-element elementor-element-6c2d188 elementor-section-boxed elementor-section-height-default elementor-section-height-default\" data-id=\"6c2d188\" data-element_type=\"section\" data-e-type=\"section\">\n\t\t\t\t\t\t<div class=\"elementor-container elementor-column-gap-default\">\n\t\t\t\t\t<div class=\"elementor-column elementor-col-100 elementor-top-column elementor-element elementor-element-4d0c18b\" data-id=\"4d0c18b\" data-element_type=\"column\" data-e-type=\"column\">\n\t\t\t<div class=\"elementor-widget-wrap elementor-element-populated\">\n\t\t\t\t\t\t<div class=\"elementor-element elementor-element-cae8cba elementor-widget elementor-widget-spacer\" data-id=\"cae8cba\" data-element_type=\"widget\" data-e-type=\"widget\" data-widget_type=\"spacer.default\">\n\t\t\t\t<div class=\"elementor-widget-container\">\n\t\t\t\t\t\t\t<div class=\"elementor-spacer\">\n\t\t\t<div class=\"elementor-spacer-inner\"><\/div>\n\t\t<\/div>\n\t\t\t\t\t\t<\/div>\n\t\t\t\t<\/div>\n\t\t\t\t\t<\/div>\n\t\t<\/div>\n\t\t\t\t\t<\/div>\n\t\t<\/section>\n\t\t\t\t<section class=\"elementor-section elementor-top-section elementor-element elementor-element-3db8a5c elementor-section-boxed elementor-section-height-default elementor-section-height-default\" data-id=\"3db8a5c\" data-element_type=\"section\" data-e-type=\"section\">\n\t\t\t\t\t\t<div class=\"elementor-container elementor-column-gap-default\">\n\t\t\t\t\t<div class=\"elementor-column elementor-col-33 elementor-top-column elementor-element elementor-element-cad8653\" data-id=\"cad8653\" data-element_type=\"column\" data-e-type=\"column\">\n\t\t\t<div class=\"elementor-widget-wrap\">\n\t\t\t\t\t\t\t<\/div>\n\t\t<\/div>\n\t\t\t\t<div class=\"elementor-column elementor-col-33 elementor-top-column elementor-element elementor-element-e70b4b7\" data-id=\"e70b4b7\" data-element_type=\"column\" data-e-type=\"column\">\n\t\t\t<div class=\"elementor-widget-wrap elementor-element-populated\">\n\t\t\t\t\t\t<div class=\"elementor-element elementor-element-797e549 elementor-widget elementor-widget-heading\" data-id=\"797e549\" data-element_type=\"widget\" data-e-type=\"widget\" data-widget_type=\"heading.default\">\n\t\t\t\t<div class=\"elementor-widget-container\">\n\t\t\t\t\t<h2 class=\"elementor-heading-title elementor-size-default\">\u0645\u062d\u0636\u0631 \u0627\u0644\u062c\u0644\u0633\u0629 \u0627\u0644\u0639\u0627\u0645\u0651\u0629 \u0627\u0644\u0627\u0646\u062a\u062e\u0627\u0628\u064a\u0629<\/h2>\t\t\t\t<\/div>\n\t\t\t\t<\/div>\n\t\t\t\t<div class=\"elementor-element elementor-element-90e8e58 elementor-widget elementor-widget-heading\" data-id=\"90e8e58\" data-element_type=\"widget\" data-e-type=\"widget\" data-widget_type=\"heading.default\">\n\t\t\t\t<div class=\"elementor-widget-container\">\n\t\t\t\t\t<h2 class=\"elementor-heading-title elementor-size-default\">\u0644\u0633\u0646\u0629 2024<\/h2>\t\t\t\t<\/div>\n\t\t\t\t<\/div>\n\t\t\t\t<div class=\"elementor-element elementor-element-6677b4a elementor-widget elementor-widget-heading\" data-id=\"6677b4a\" data-element_type=\"widget\" data-e-type=\"widget\" data-widget_type=\"heading.default\">\n\t\t\t\t<div class=\"elementor-widget-container\">\n\t\t\t\t\t<h2 class=\"elementor-heading-title elementor-size-default\">\u0627\u0644\u0645\u0646\u0639\u0642\u062f\u0629 \u0628\u062a\u0627\u0631\u064a\u062e 24 \u062c\u0648\u0627\u0646 2025<\/h2>\t\t\t\t<\/div>\n\t\t\t\t<\/div>\n\t\t\t\t\t<\/div>\n\t\t<\/div>\n\t\t\t\t<div class=\"elementor-column elementor-col-33 elementor-top-column elementor-element elementor-element-23d6601\" data-id=\"23d6601\" data-element_type=\"column\" data-e-type=\"column\">\n\t\t\t<div class=\"elementor-widget-wrap\">\n\t\t\t\t\t\t\t<\/div>\n\t\t<\/div>\n\t\t\t\t\t<\/div>\n\t\t<\/section>\n\t\t\t\t<section class=\"elementor-section elementor-top-section elementor-element elementor-element-75487fb elementor-section-boxed elementor-section-height-default elementor-section-height-default\" data-id=\"75487fb\" data-element_type=\"section\" data-e-type=\"section\">\n\t\t\t\t\t\t<div class=\"elementor-container elementor-column-gap-default\">\n\t\t\t\t\t<div class=\"elementor-column elementor-col-100 elementor-top-column elementor-element elementor-element-9b8e58d\" data-id=\"9b8e58d\" data-element_type=\"column\" data-e-type=\"column\">\n\t\t\t<div class=\"elementor-widget-wrap elementor-element-populated\">\n\t\t\t\t\t\t<div class=\"elementor-element elementor-element-c17c685 elementor-widget elementor-widget-spacer\" data-id=\"c17c685\" data-element_type=\"widget\" data-e-type=\"widget\" data-widget_type=\"spacer.default\">\n\t\t\t\t<div class=\"elementor-widget-container\">\n\t\t\t\t\t\t\t<div class=\"elementor-spacer\">\n\t\t\t<div class=\"elementor-spacer-inner\"><\/div>\n\t\t<\/div>\n\t\t\t\t\t\t<\/div>\n\t\t\t\t<\/div>\n\t\t\t\t\t<\/div>\n\t\t<\/div>\n\t\t\t\t\t<\/div>\n\t\t<\/section>\n\t\t\t\t<section class=\"elementor-section elementor-top-section elementor-element elementor-element-e5f7094 elementor-section-boxed elementor-section-height-default elementor-section-height-default\" data-id=\"e5f7094\" data-element_type=\"section\" data-e-type=\"section\">\n\t\t\t\t\t\t<div class=\"elementor-container elementor-column-gap-default\">\n\t\t\t\t\t<div class=\"elementor-column elementor-col-100 elementor-top-column elementor-element elementor-element-35d77bf\" data-id=\"35d77bf\" data-element_type=\"column\" data-e-type=\"column\">\n\t\t\t<div class=\"elementor-widget-wrap elementor-element-populated\">\n\t\t\t\t\t\t<div class=\"elementor-element elementor-element-d2388e1 elementor-widget__width-initial elementor-widget elementor-widget-image\" data-id=\"d2388e1\" data-element_type=\"widget\" data-e-type=\"widget\" data-widget_type=\"image.default\">\n\t\t\t\t<div class=\"elementor-widget-container\">\n\t\t\t\t\t\t\t\t\t\t\t\t\t\t\t<img fetchpriority=\"high\" decoding=\"async\" width=\"930\" height=\"620\" src=\"https:\/\/carnavalaoussou.com\/wp-content\/uploads\/2025\/07\/\u0635\u0648\u0631\u0629-\u0648\u0627\u062a\u0633\u0627\u0628-\u0628\u062a\u0627\u0631\u064a\u062e-2025-07-12-\u0641\u064a-15.00.22_2f7cf195-930x620.jpg\" class=\"attachment-neve-blog size-neve-blog wp-image-6184\" alt=\"\" srcset=\"https:\/\/carnavalaoussou.com\/wp-content\/uploads\/2025\/07\/\u0635\u0648\u0631\u0629-\u0648\u0627\u062a\u0633\u0627\u0628-\u0628\u062a\u0627\u0631\u064a\u062e-2025-07-12-\u0641\u064a-15.00.22_2f7cf195-930x620.jpg 930w, https:\/\/carnavalaoussou.com\/wp-content\/uploads\/2025\/07\/\u0635\u0648\u0631\u0629-\u0648\u0627\u062a\u0633\u0627\u0628-\u0628\u062a\u0627\u0631\u064a\u062e-2025-07-12-\u0641\u064a-15.00.22_2f7cf195-300x200.jpg 300w, https:\/\/carnavalaoussou.com\/wp-content\/uploads\/2025\/07\/\u0635\u0648\u0631\u0629-\u0648\u0627\u062a\u0633\u0627\u0628-\u0628\u062a\u0627\u0631\u064a\u062e-2025-07-12-\u0641\u064a-15.00.22_2f7cf195-1024x683.jpg 1024w, https:\/\/carnavalaoussou.com\/wp-content\/uploads\/2025\/07\/\u0635\u0648\u0631\u0629-\u0648\u0627\u062a\u0633\u0627\u0628-\u0628\u062a\u0627\u0631\u064a\u062e-2025-07-12-\u0641\u064a-15.00.22_2f7cf195-768x512.jpg 768w, https:\/\/carnavalaoussou.com\/wp-content\/uploads\/2025\/07\/\u0635\u0648\u0631\u0629-\u0648\u0627\u062a\u0633\u0627\u0628-\u0628\u062a\u0627\u0631\u064a\u062e-2025-07-12-\u0641\u064a-15.00.22_2f7cf195-18x12.jpg 18w, https:\/\/carnavalaoussou.com\/wp-content\/uploads\/2025\/07\/\u0635\u0648\u0631\u0629-\u0648\u0627\u062a\u0633\u0627\u0628-\u0628\u062a\u0627\u0631\u064a\u062e-2025-07-12-\u0641\u064a-15.00.22_2f7cf195.jpg 1296w\" sizes=\"(max-width: 930px) 100vw, 930px\" \/>\t\t\t\t\t\t\t\t\t\t\t\t\t\t\t<\/div>\n\t\t\t\t<\/div>\n\t\t\t\t\t<\/div>\n\t\t<\/div>\n\t\t\t\t\t<\/div>\n\t\t<\/section>\n\t\t\t\t<section class=\"elementor-section elementor-top-section elementor-element elementor-element-7a5956e elementor-section-boxed elementor-section-height-default elementor-section-height-default\" data-id=\"7a5956e\" data-element_type=\"section\" data-e-type=\"section\">\n\t\t\t\t\t\t<div class=\"elementor-container elementor-column-gap-default\">\n\t\t\t\t\t<div class=\"elementor-column elementor-col-100 elementor-top-column elementor-element elementor-element-70cf1b6\" data-id=\"70cf1b6\" data-element_type=\"column\" data-e-type=\"column\">\n\t\t\t<div class=\"elementor-widget-wrap\">\n\t\t\t\t\t\t\t<\/div>\n\t\t<\/div>\n\t\t\t\t\t<\/div>\n\t\t<\/section>\n\t\t\t\t<section class=\"elementor-section elementor-top-section elementor-element elementor-element-a11f2f6 elementor-section-boxed elementor-section-height-default elementor-section-height-default\" data-id=\"a11f2f6\" data-element_type=\"section\" data-e-type=\"section\">\n\t\t\t\t\t\t<div class=\"elementor-container elementor-column-gap-default\">\n\t\t\t\t\t<div class=\"elementor-column elementor-col-33 elementor-top-column elementor-element elementor-element-75037e7\" data-id=\"75037e7\" data-element_type=\"column\" data-e-type=\"column\">\n\t\t\t<div class=\"elementor-widget-wrap\">\n\t\t\t\t\t\t\t<\/div>\n\t\t<\/div>\n\t\t\t\t<div class=\"elementor-column elementor-col-33 elementor-top-column elementor-element elementor-element-c03f3b9\" data-id=\"c03f3b9\" data-element_type=\"column\" data-e-type=\"column\">\n\t\t\t<div class=\"elementor-widget-wrap elementor-element-populated\">\n\t\t\t\t\t\t<div class=\"elementor-element elementor-element-798ccb7 elementor-widget elementor-widget-image\" data-id=\"798ccb7\" data-element_type=\"widget\" data-e-type=\"widget\" data-widget_type=\"image.default\">\n\t\t\t\t<div class=\"elementor-widget-container\">\n\t\t\t\t\t\t\t\t\t\t\t\t\t\t\t<img decoding=\"async\" width=\"744\" height=\"1024\" src=\"https:\/\/carnavalaoussou.com\/wp-content\/uploads\/2025\/07\/EYMEN-1.1-744x1024.jpg\" class=\"attachment-large size-large wp-image-6175\" alt=\"\" srcset=\"https:\/\/carnavalaoussou.com\/wp-content\/uploads\/2025\/07\/EYMEN-1.1-744x1024.jpg 744w, https:\/\/carnavalaoussou.com\/wp-content\/uploads\/2025\/07\/EYMEN-1.1-218x300.jpg 218w, https:\/\/carnavalaoussou.com\/wp-content\/uploads\/2025\/07\/EYMEN-1.1-768x1057.jpg 768w, https:\/\/carnavalaoussou.com\/wp-content\/uploads\/2025\/07\/EYMEN-1.1-1116x1536.jpg 1116w, https:\/\/carnavalaoussou.com\/wp-content\/uploads\/2025\/07\/EYMEN-1.1-1488x2048.jpg 1488w, https:\/\/carnavalaoussou.com\/wp-content\/uploads\/2025\/07\/EYMEN-1.1-9x12.jpg 9w, https:\/\/carnavalaoussou.com\/wp-content\/uploads\/2025\/07\/EYMEN-1.1-scaled.jpg 1860w\" sizes=\"(max-width: 744px) 100vw, 744px\" \/>\t\t\t\t\t\t\t\t\t\t\t\t\t\t\t<\/div>\n\t\t\t\t<\/div>\n\t\t\t\t<div class=\"elementor-element elementor-element-868063a elementor-widget elementor-widget-image\" data-id=\"868063a\" data-element_type=\"widget\" data-e-type=\"widget\" data-widget_type=\"image.default\">\n\t\t\t\t<div class=\"elementor-widget-container\">\n\t\t\t\t\t\t\t\t\t\t\t\t\t\t\t<img decoding=\"async\" width=\"744\" height=\"1024\" src=\"https:\/\/carnavalaoussou.com\/wp-content\/uploads\/2025\/07\/EYMEN-1.2-744x1024.jpg\" class=\"attachment-large size-large wp-image-6174\" alt=\"\" srcset=\"https:\/\/carnavalaoussou.com\/wp-content\/uploads\/2025\/07\/EYMEN-1.2-744x1024.jpg 744w, https:\/\/carnavalaoussou.com\/wp-content\/uploads\/2025\/07\/EYMEN-1.2-218x300.jpg 218w, https:\/\/carnavalaoussou.com\/wp-content\/uploads\/2025\/07\/EYMEN-1.2-768x1057.jpg 768w, https:\/\/carnavalaoussou.com\/wp-content\/uploads\/2025\/07\/EYMEN-1.2-1116x1536.jpg 1116w, https:\/\/carnavalaoussou.com\/wp-content\/uploads\/2025\/07\/EYMEN-1.2-1488x2048.jpg 1488w, https:\/\/carnavalaoussou.com\/wp-content\/uploads\/2025\/07\/EYMEN-1.2-9x12.jpg 9w, https:\/\/carnavalaoussou.com\/wp-content\/uploads\/2025\/07\/EYMEN-1.2-scaled.jpg 1860w\" sizes=\"(max-width: 744px) 100vw, 744px\" \/>\t\t\t\t\t\t\t\t\t\t\t\t\t\t\t<\/div>\n\t\t\t\t<\/div>\n\t\t\t\t<div class=\"elementor-element elementor-element-7c9d7df elementor-widget elementor-widget-image\" data-id=\"7c9d7df\" data-element_type=\"widget\" data-e-type=\"widget\" data-widget_type=\"image.default\">\n\t\t\t\t<div class=\"elementor-widget-container\">\n\t\t\t\t\t\t\t\t\t\t\t\t\t\t\t<img loading=\"lazy\" decoding=\"async\" width=\"744\" height=\"1024\" src=\"https:\/\/carnavalaoussou.com\/wp-content\/uploads\/2025\/07\/EYMEN-1.3-744x1024.jpg\" class=\"attachment-large size-large wp-image-6173\" alt=\"\" srcset=\"https:\/\/carnavalaoussou.com\/wp-content\/uploads\/2025\/07\/EYMEN-1.3-744x1024.jpg 744w, https:\/\/carnavalaoussou.com\/wp-content\/uploads\/2025\/07\/EYMEN-1.3-218x300.jpg 218w, https:\/\/carnavalaoussou.com\/wp-content\/uploads\/2025\/07\/EYMEN-1.3-768x1057.jpg 768w, https:\/\/carnavalaoussou.com\/wp-content\/uploads\/2025\/07\/EYMEN-1.3-1116x1536.jpg 1116w, https:\/\/carnavalaoussou.com\/wp-content\/uploads\/2025\/07\/EYMEN-1.3-1488x2048.jpg 1488w, https:\/\/carnavalaoussou.com\/wp-content\/uploads\/2025\/07\/EYMEN-1.3-9x12.jpg 9w, https:\/\/carnavalaoussou.com\/wp-content\/uploads\/2025\/07\/EYMEN-1.3-scaled.jpg 1860w\" sizes=\"(max-width: 744px) 100vw, 744px\" \/>\t\t\t\t\t\t\t\t\t\t\t\t\t\t\t<\/div>\n\t\t\t\t<\/div>\n\t\t\t\t\t<\/div>\n\t\t<\/div>\n\t\t\t\t<div class=\"elementor-column elementor-col-33 elementor-top-column elementor-element elementor-element-e7f694e\" data-id=\"e7f694e\" data-element_type=\"column\" data-e-type=\"column\">\n\t\t\t<div class=\"elementor-widget-wrap\">\n\t\t\t\t\t\t\t<\/div>\n\t\t<\/div>\n\t\t\t\t\t<\/div>\n\t\t<\/section>\n\t\t\t\t<section class=\"elementor-section elementor-top-section elementor-element elementor-element-4b89473 elementor-section-boxed elementor-section-height-default elementor-section-height-default\" data-id=\"4b89473\" data-element_type=\"section\" data-e-type=\"section\">\n\t\t\t\t\t\t<div class=\"elementor-container elementor-column-gap-default\">\n\t\t\t\t\t<div class=\"elementor-column elementor-col-100 elementor-top-column elementor-element elementor-element-02b72b8\" data-id=\"02b72b8\" data-element_type=\"column\" data-e-type=\"column\">\n\t\t\t<div class=\"elementor-widget-wrap elementor-element-populated\">\n\t\t\t\t\t\t<div class=\"elementor-element elementor-element-1ad60f6 elementor-widget elementor-widget-spacer\" data-id=\"1ad60f6\" data-element_type=\"widget\" data-e-type=\"widget\" data-widget_type=\"spacer.default\">\n\t\t\t\t<div class=\"elementor-widget-container\">\n\t\t\t\t\t\t\t<div class=\"elementor-spacer\">\n\t\t\t<div class=\"elementor-spacer-inner\"><\/div>\n\t\t<\/div>\n\t\t\t\t\t\t<\/div>\n\t\t\t\t<\/div>\n\t\t\t\t\t<\/div>\n\t\t<\/div>\n\t\t\t\t\t<\/div>\n\t\t<\/section>\n\t\t\t\t<\/div>","protected":false},"excerpt":{"rendered":"<p>\u0645\u062d\u0636\u0631 \u0627\u0644\u062c\u0644\u0633\u0629 \u0627\u0644\u0639\u0627\u0645\u0651\u0629 \u0627\u0644\u0627\u0646\u062a\u062e\u0627\u0628\u064a\u0629 \u0644\u0633\u0646\u0629 2024 \u0627\u0644\u0645\u0646\u0639\u0642\u062f\u0629 \u0628\u062a\u0627\u0631\u064a\u062e 24 \u062c\u0648\u0627\u0646 2025<\/p>","protected":false},"author":1,"featured_media":4880,"parent":0,"menu_order":0,"comment_status":"closed","ping_status":"closed","template":"page-templates\/template-pagebuilder-full-width.php","meta":{"_oct_exclude_from_cache":false,"neve_meta_sidebar":"full-width","neve_meta_container":"","neve_meta_enable_content_width":"on","neve_meta_content_width":100,"neve_meta_title_alignment":"","neve_meta_author_avatar":"","neve_post_elements_order":"","neve_meta_disable_header":"","neve_meta_disable_footer":"","neve_meta_disable_title":"on","neve_meta_reading_time":"","footnotes":""},"class_list":["post-6192","page","type-page","status-publish","has-post-thumbnail","hentry"],"yoast_head":"<!-- This site is optimized with the Yoast SEO Premium plugin v20.5 (Yoast SEO v27.5) - https:\/\/yoast.com\/product\/yoast-seo-premium-wordpress\/ -->\n<title>Assembl\u00e9e g\u00e9n\u00e9rale 2025 \u00c9lectoral - Carnaval Aoussou<\/title>\n<meta name=\"description\" content=\"Activities Report 2022 \u0627\u0644\u062a\u0642\u0631\u064a\u0631 \u0627\u0644\u0623\u062f\u0628\u064a 2022\" \/>\n<meta name=\"robots\" content=\"index, follow, max-snippet:-1, max-image-preview:large, max-video-preview:-1\" \/>\n<link rel=\"canonical\" href=\"https:\/\/carnavalaoussou.com\/fr\/assemblee-generale-2025-electoral\/\" \/>\n<meta property=\"og:locale\" content=\"fr_FR\" \/>\n<meta property=\"og:type\" content=\"article\" \/>\n<meta property=\"og:title\" content=\"Assembl\u00e9e g\u00e9n\u00e9rale 2025 \u00c9lectoral\" \/>\n<meta property=\"og:description\" content=\"Activities Report 2022 \u0627\u0644\u062a\u0642\u0631\u064a\u0631 \u0627\u0644\u0623\u062f\u0628\u064a 2022\" \/>\n<meta property=\"og:url\" content=\"https:\/\/carnavalaoussou.com\/fr\/assemblee-generale-2025-electoral\/\" \/>\n<meta property=\"og:site_name\" content=\"Carnaval Aoussou\" \/>\n<meta property=\"article:modified_time\" content=\"2025-07-12T15:56:23+00:00\" \/>\n<meta property=\"og:image\" content=\"https:\/\/carnavalaoussou.com\/wp-content\/uploads\/2023\/03\/200.jpg\" \/>\n\t<meta property=\"og:image:width\" content=\"200\" \/>\n\t<meta property=\"og:image:height\" content=\"200\" \/>\n\t<meta property=\"og:image:type\" content=\"image\/jpeg\" \/>\n<meta name=\"twitter:card\" content=\"summary_large_image\" \/>\n<meta name=\"twitter:label1\" content=\"Dur\u00e9e de lecture estim\u00e9e\" \/>\n\t<meta name=\"twitter:data1\" content=\"1 minute\" \/>\n<script type=\"application\/ld+json\" class=\"yoast-schema-graph\">{\"@context\":\"https:\\\/\\\/schema.org\",\"@graph\":[{\"@type\":\"WebPage\",\"@id\":\"https:\\\/\\\/carnavalaoussou.com\\\/assemblee-generale-2025-electoral\\\/\",\"url\":\"https:\\\/\\\/carnavalaoussou.com\\\/assemblee-generale-2025-electoral\\\/\",\"name\":\"Assembl\u00e9e g\u00e9n\u00e9rale 2025 \u00c9lectoral - Carnaval Aoussou\",\"isPartOf\":{\"@id\":\"https:\\\/\\\/carnavalaoussou.com\\\/#website\"},\"primaryImageOfPage\":{\"@id\":\"https:\\\/\\\/carnavalaoussou.com\\\/assemblee-generale-2025-electoral\\\/#primaryimage\"},\"image\":{\"@id\":\"https:\\\/\\\/carnavalaoussou.com\\\/assemblee-generale-2025-electoral\\\/#primaryimage\"},\"thumbnailUrl\":\"https:\\\/\\\/carnavalaoussou.com\\\/wp-content\\\/uploads\\\/2023\\\/03\\\/200.jpg\",\"datePublished\":\"2025-07-12T15:52:26+00:00\",\"dateModified\":\"2025-07-12T15:56:23+00:00\",\"description\":\"Activities Report 2022 \u0627\u0644\u062a\u0642\u0631\u064a\u0631 \u0627\u0644\u0623\u062f\u0628\u064a 2022\",\"breadcrumb\":{\"@id\":\"https:\\\/\\\/carnavalaoussou.com\\\/assemblee-generale-2025-electoral\\\/#breadcrumb\"},\"inLanguage\":\"fr-FR\",\"potentialAction\":[{\"@type\":\"ReadAction\",\"target\":[\"https:\\\/\\\/carnavalaoussou.com\\\/assemblee-generale-2025-electoral\\\/\"]}]},{\"@type\":\"ImageObject\",\"inLanguage\":\"fr-FR\",\"@id\":\"https:\\\/\\\/carnavalaoussou.com\\\/assemblee-generale-2025-electoral\\\/#primaryimage\",\"url\":\"https:\\\/\\\/carnavalaoussou.com\\\/wp-content\\\/uploads\\\/2023\\\/03\\\/200.jpg\",\"contentUrl\":\"https:\\\/\\\/carnavalaoussou.com\\\/wp-content\\\/uploads\\\/2023\\\/03\\\/200.jpg\",\"width\":200,\"height\":200},{\"@type\":\"BreadcrumbList\",\"@id\":\"https:\\\/\\\/carnavalaoussou.com\\\/assemblee-generale-2025-electoral\\\/#breadcrumb\",\"itemListElement\":[{\"@type\":\"ListItem\",\"position\":1,\"name\":\"Home\",\"item\":\"https:\\\/\\\/carnavalaoussou.com\\\/\"},{\"@type\":\"ListItem\",\"position\":2,\"name\":\"Assembl\u00e9e g\u00e9n\u00e9rale 2025 \u00c9lectoral\"}]},{\"@type\":\"WebSite\",\"@id\":\"https:\\\/\\\/carnavalaoussou.com\\\/#website\",\"url\":\"https:\\\/\\\/carnavalaoussou.com\\\/\",\"name\":\"Carnaval Aoussou\",\"description\":\"\",\"publisher\":{\"@id\":\"https:\\\/\\\/carnavalaoussou.com\\\/#organization\"},\"potentialAction\":[{\"@type\":\"SearchAction\",\"target\":{\"@type\":\"EntryPoint\",\"urlTemplate\":\"https:\\\/\\\/carnavalaoussou.com\\\/?s={search_term_string}\"},\"query-input\":{\"@type\":\"PropertyValueSpecification\",\"valueRequired\":true,\"valueName\":\"search_term_string\"}}],\"inLanguage\":\"fr-FR\"},{\"@type\":\"Organization\",\"@id\":\"https:\\\/\\\/carnavalaoussou.com\\\/#organization\",\"name\":\"Carnaval Aoussou\",\"url\":\"https:\\\/\\\/carnavalaoussou.com\\\/\",\"logo\":{\"@type\":\"ImageObject\",\"inLanguage\":\"fr-FR\",\"@id\":\"https:\\\/\\\/carnavalaoussou.com\\\/#\\\/schema\\\/logo\\\/image\\\/\",\"url\":\"https:\\\/\\\/carnavalaoussou.com\\\/wp-content\\\/uploads\\\/2021\\\/04\\\/cropped-LOGO_ROUGE.png\",\"contentUrl\":\"https:\\\/\\\/carnavalaoussou.com\\\/wp-content\\\/uploads\\\/2021\\\/04\\\/cropped-LOGO_ROUGE.png\",\"width\":1251,\"height\":567,\"caption\":\"Carnaval Aoussou\"},\"image\":{\"@id\":\"https:\\\/\\\/carnavalaoussou.com\\\/#\\\/schema\\\/logo\\\/image\\\/\"}}]}<\/script>\n<!-- \/ Yoast SEO Premium plugin. -->","yoast_head_json":{"title":"Assembl\u00e9e g\u00e9n\u00e9rale 2025 \u00c9lectoral - Carnaval Aoussou","description":"Activities Report 2022 \u0627\u0644\u062a\u0642\u0631\u064a\u0631 \u0627\u0644\u0623\u062f\u0628\u064a 2022","robots":{"index":"index","follow":"follow","max-snippet":"max-snippet:-1","max-image-preview":"max-image-preview:large","max-video-preview":"max-video-preview:-1"},"canonical":"https:\/\/carnavalaoussou.com\/fr\/assemblee-generale-2025-electoral\/","og_locale":"fr_FR","og_type":"article","og_title":"Assembl\u00e9e g\u00e9n\u00e9rale 2025 \u00c9lectoral","og_description":"Activities Report 2022 \u0627\u0644\u062a\u0642\u0631\u064a\u0631 \u0627\u0644\u0623\u062f\u0628\u064a 2022","og_url":"https:\/\/carnavalaoussou.com\/fr\/assemblee-generale-2025-electoral\/","og_site_name":"Carnaval Aoussou","article_modified_time":"2025-07-12T15:56:23+00:00","og_image":[{"width":200,"height":200,"url":"https:\/\/carnavalaoussou.com\/wp-content\/uploads\/2023\/03\/200.jpg","type":"image\/jpeg"}],"twitter_card":"summary_large_image","twitter_misc":{"Dur\u00e9e de lecture estim\u00e9e":"1 minute"},"schema":{"@context":"https:\/\/schema.org","@graph":[{"@type":"WebPage","@id":"https:\/\/carnavalaoussou.com\/assemblee-generale-2025-electoral\/","url":"https:\/\/carnavalaoussou.com\/assemblee-generale-2025-electoral\/","name":"Assembl\u00e9e g\u00e9n\u00e9rale 2025 \u00c9lectoral - Carnaval Aoussou","isPartOf":{"@id":"https:\/\/carnavalaoussou.com\/#website"},"primaryImageOfPage":{"@id":"https:\/\/carnavalaoussou.com\/assemblee-generale-2025-electoral\/#primaryimage"},"image":{"@id":"https:\/\/carnavalaoussou.com\/assemblee-generale-2025-electoral\/#primaryimage"},"thumbnailUrl":"https:\/\/carnavalaoussou.com\/wp-content\/uploads\/2023\/03\/200.jpg","datePublished":"2025-07-12T15:52:26+00:00","dateModified":"2025-07-12T15:56:23+00:00","description":"Activities Report 2022 \u0627\u0644\u062a\u0642\u0631\u064a\u0631 \u0627\u0644\u0623\u062f\u0628\u064a 2022","breadcrumb":{"@id":"https:\/\/carnavalaoussou.com\/assemblee-generale-2025-electoral\/#breadcrumb"},"inLanguage":"fr-FR","potentialAction":[{"@type":"ReadAction","target":["https:\/\/carnavalaoussou.com\/assemblee-generale-2025-electoral\/"]}]},{"@type":"ImageObject","inLanguage":"fr-FR","@id":"https:\/\/carnavalaoussou.com\/assemblee-generale-2025-electoral\/#primaryimage","url":"https:\/\/carnavalaoussou.com\/wp-content\/uploads\/2023\/03\/200.jpg","contentUrl":"https:\/\/carnavalaoussou.com\/wp-content\/uploads\/2023\/03\/200.jpg","width":200,"height":200},{"@type":"BreadcrumbList","@id":"https:\/\/carnavalaoussou.com\/assemblee-generale-2025-electoral\/#breadcrumb","itemListElement":[{"@type":"ListItem","position":1,"name":"Home","item":"https:\/\/carnavalaoussou.com\/"},{"@type":"ListItem","position":2,"name":"Assembl\u00e9e g\u00e9n\u00e9rale 2025 \u00c9lectoral"}]},{"@type":"WebSite","@id":"https:\/\/carnavalaoussou.com\/#website","url":"https:\/\/carnavalaoussou.com\/","name":"Carnaval Aoussou","description":"","publisher":{"@id":"https:\/\/carnavalaoussou.com\/#organization"},"potentialAction":[{"@type":"SearchAction","target":{"@type":"EntryPoint","urlTemplate":"https:\/\/carnavalaoussou.com\/?s={search_term_string}"},"query-input":{"@type":"PropertyValueSpecification","valueRequired":true,"valueName":"search_term_string"}}],"inLanguage":"fr-FR"},{"@type":"Organization","@id":"https:\/\/carnavalaoussou.com\/#organization","name":"Carnaval Aoussou","url":"https:\/\/carnavalaoussou.com\/","logo":{"@type":"ImageObject","inLanguage":"fr-FR","@id":"https:\/\/carnavalaoussou.com\/#\/schema\/logo\/image\/","url":"https:\/\/carnavalaoussou.com\/wp-content\/uploads\/2021\/04\/cropped-LOGO_ROUGE.png","contentUrl":"https:\/\/carnavalaoussou.com\/wp-content\/uploads\/2021\/04\/cropped-LOGO_ROUGE.png","width":1251,"height":567,"caption":"Carnaval Aoussou"},"image":{"@id":"https:\/\/carnavalaoussou.com\/#\/schema\/logo\/image\/"}}]}},"_links":{"self":[{"href":"https:\/\/carnavalaoussou.com\/fr\/wp-json\/wp\/v2\/pages\/6192","targetHints":{"allow":["GET"]}}],"collection":[{"href":"https:\/\/carnavalaoussou.com\/fr\/wp-json\/wp\/v2\/pages"}],"about":[{"href":"https:\/\/carnavalaoussou.com\/fr\/wp-json\/wp\/v2\/types\/page"}],"author":[{"embeddable":true,"href":"https:\/\/carnavalaoussou.com\/fr\/wp-json\/wp\/v2\/users\/1"}],"replies":[{"embeddable":true,"href":"https:\/\/carnavalaoussou.com\/fr\/wp-json\/wp\/v2\/comments?post=6192"}],"version-history":[{"count":4,"href":"https:\/\/carnavalaoussou.com\/fr\/wp-json\/wp\/v2\/pages\/6192\/revisions"}],"predecessor-version":[{"id":6196,"href":"https:\/\/carnavalaoussou.com\/fr\/wp-json\/wp\/v2\/pages\/6192\/revisions\/6196"}],"wp:featuredmedia":[{"embeddable":true,"href":"https:\/\/carnavalaoussou.com\/fr\/wp-json\/wp\/v2\/media\/4880"}],"wp:attachment":[{"href":"https:\/\/carnavalaoussou.com\/fr\/wp-json\/wp\/v2\/media?parent=6192"}],"curies":[{"name":"wp","href":"https:\/\/api.w.org\/{rel}","templated":true}]}}